{"id":989,"date":"2022-07-07T16:58:31","date_gmt":"2022-07-07T16:58:31","guid":{"rendered":"https:\/\/iumusac.usac.edu.gt\/?page_id=989"},"modified":"2022-07-09T12:36:24","modified_gmt":"2022-07-09T12:36:24","slug":"articulos-iumusac","status":"publish","type":"page","link":"https:\/\/iumusac.usac.edu.gt\/?page_id=989","title":{"rendered":"Art\u00edculos IUMUSAC"},"content":{"rendered":"\n<p><strong>La Prevenci\u00f3n es la clave. Violencia contra las mujeres<\/strong>.<\/p>\n\n\n\n<p>Soy USAC y el Peri\u00f3dico de la USAC, publicaron el articulo del estudio \u201cAs\u00ed se gesta la violencia: prevenci\u00f3n desde el sector salud p\u00fablica\u201d, por la Licenciada Karina Rodas, Directora del IUMUSAC, en noviembre de 2021. Se puede encontrar en las p\u00e1ginas 12 \u2013 15.<\/p>\n\n\n\n<p>Descargar el articulo <\/p>\n\n\n\n<div class=\"wp-block-file\"><a id=\"wp-block-file--media-8e5f9676-ebb6-4d33-80ac-4d7ba1578e7f\" href=\"blob:https:\/\/iumusac.usac.edu.gt\/d19ecec2-8b3c-4a0f-90d6-0925fee32b77\">\u201cAs\u00ed se gesta la violencia: prevenci\u00f3n desde el sector salud p\u00fablica\u201d Licda. Karina Rodas, directora IUMUSAC<\/a><a href=\"blob:https:\/\/iumusac.usac.edu.gt\/d19ecec2-8b3c-4a0f-90d6-0925fee32b77\" class=\"wp-block-file__button\" download aria-describedby=\"wp-block-file--media-8e5f9676-ebb6-4d33-80ac-4d7ba1578e7f\">Descarga<\/a><\/div>\n\n\n\n<div data-wp-interactive=\"core\/file\" class=\"wp-block-file\"><object data-wp-bind--hidden=\"!state.hasPdfPreview\"  class=\"wp-block-file__embed\" data=\"https:\/\/iumusac.usac.edu.gt\/wp-content\/uploads\/2022\/07\/PUBLICACION-ARTICULO-KARINA-RODAS-PERIODICO-USAC-noviembre-final-3.pdf\" type=\"application\/pdf\" style=\"width:100%;height:600px\" aria-label=\"Incrustado de Incrustado de PUBLICACION ARTICULO KARINA RODAS PERIODICO USAC noviembre final 3..\"><\/object><a id=\"wp-block-file--media-dfd2272c-8cf3-4d6e-a522-9e678254a850\" href=\"https:\/\/iumusac.usac.edu.gt\/wp-content\/uploads\/2022\/07\/PUBLICACION-ARTICULO-KARINA-RODAS-PERIODICO-USAC-noviembre-final-3.pdf\">PUBLICACION ARTICULO KARINA RODAS PERIODICO USAC noviembre final 3<\/a><a href=\"https:\/\/iumusac.usac.edu.gt\/wp-content\/uploads\/2022\/07\/PUBLICACION-ARTICULO-KARINA-RODAS-PERIODICO-USAC-noviembre-final-3.pdf\" class=\"wp-block-file__button\" download aria-describedby=\"wp-block-file--media-dfd2272c-8cf3-4d6e-a522-9e678254a850\">Descarga<\/a><\/div>\n\n\n\n<figure class=\"wp-block-image size-large\"><img loading=\"lazy\" decoding=\"async\" width=\"832\" height=\"1024\" src=\"https:\/\/iumusac.usac.edu.gt\/wp-content\/uploads\/2022\/07\/Copy-IMG-20211125-WA0010-832x1024.jpg\" alt=\"\" class=\"wp-image-1060\" srcset=\"https:\/\/iumusac.usac.edu.gt\/wp-content\/uploads\/2022\/07\/Copy-IMG-20211125-WA0010-832x1024.jpg 832w, https:\/\/iumusac.usac.edu.gt\/wp-content\/uploads\/2022\/07\/Copy-IMG-20211125-WA0010-244x300.jpg 244w, https:\/\/iumusac.usac.edu.gt\/wp-content\/uploads\/2022\/07\/Copy-IMG-20211125-WA0010-768x945.jpg 768w, https:\/\/iumusac.usac.edu.gt\/wp-content\/uploads\/2022\/07\/Copy-IMG-20211125-WA0010.jpg 1040w\" sizes=\"(max-width: 832px) 100vw, 832px\" \/><\/figure>\n","protected":false},"excerpt":{"rendered":"<p>La Prevenci\u00f3n es la clave. Violencia contra las mujeres. Soy USAC y el Peri\u00f3dico de la USAC, publicaron el articulo del estudio \u201cAs\u00ed se gesta la violencia: prevenci\u00f3n desde el sector salud p\u00fablica\u201d, por la Licenciada Karina Rodas, Directora del IUMUSAC, en noviembre de 2021. Se puede encontrar en las p\u00e1ginas 12 \u2013 15. Descargar [&hellip;]<\/p>\n","protected":false},"author":1,"featured_media":0,"parent":0,"menu_order":0,"comment_status":"closed","ping_status":"closed","template":"","meta":{"footnotes":""},"class_list":["post-989","page","type-page","status-publish","czr-hentry"],"_links":{"self":[{"href":"https:\/\/iumusac.usac.edu.gt\/index.php?rest_route=\/wp\/v2\/pages\/989"}],"collection":[{"href":"https:\/\/iumusac.usac.edu.gt\/index.php?rest_route=\/wp\/v2\/pages"}],"about":[{"href":"https:\/\/iumusac.usac.edu.gt\/index.php?rest_route=\/wp\/v2\/types\/page"}],"author":[{"embeddable":true,"href":"https:\/\/iumusac.usac.edu.gt\/index.php?rest_route=\/wp\/v2\/users\/1"}],"replies":[{"embeddable":true,"href":"https:\/\/iumusac.usac.edu.gt\/index.php?rest_route=%2Fwp%2Fv2%2Fcomments&post=989"}],"version-history":[{"count":6,"href":"https:\/\/iumusac.usac.edu.gt\/index.php?rest_route=\/wp\/v2\/pages\/989\/revisions"}],"predecessor-version":[{"id":1171,"href":"https:\/\/iumusac.usac.edu.gt\/index.php?rest_route=\/wp\/v2\/pages\/989\/revisions\/1171"}],"wp:attachment":[{"href":"https:\/\/iumusac.usac.edu.gt\/index.php?rest_route=%2Fwp%2Fv2%2Fmedia&parent=989"}],"curies":[{"name":"wp","href":"https:\/\/api.w.org\/{rel}","templated":true}]}}