{"id":793,"date":"2019-03-06T16:57:00","date_gmt":"2019-03-06T16:57:00","guid":{"rendered":"http:\/\/c3.usac.edu.gt\/iumusac.usac.edu.gt\/public_html\/?page_id=793"},"modified":"2022-09-26T13:46:22","modified_gmt":"2022-09-26T19:46:22","slug":"contactenos","status":"publish","type":"page","link":"https:\/\/iumusac.usac.edu.gt\/?page_id=793","title":{"rendered":"Cont\u00e1ctenos"},"content":{"rendered":"\n<p>Direcci\u00f3n: &nbsp;10 calle 9-59 &#8220;A&#8221; zona 1, Ciudad de Guatemala<br><\/p>\n\n\n\n<p>Tel\u00e9fono:  +502 2221-0826<br><\/p>\n\n\n\n<p>Correo electr\u00f3nico: infoiumusac@usac.edu.gt <br><\/p>\n\n\n\n<p>Facebook: Instituto Universitario de Mujer <br><\/p>\n","protected":false},"excerpt":{"rendered":"<p>Direcci\u00f3n: &nbsp;10 calle 9-59 &#8220;A&#8221; zona 1, Ciudad de Guatemala Tel\u00e9fono: +502 2221-0826 Correo electr\u00f3nico: infoiumusac@usac.edu.gt Facebook: Instituto Universitario de Mujer<\/p>\n","protected":false},"author":1,"featured_media":0,"parent":0,"menu_order":0,"comment_status":"closed","ping_status":"closed","template":"","meta":{"footnotes":""},"class_list":["post-793","page","type-page","status-publish","czr-hentry"],"_links":{"self":[{"href":"https:\/\/iumusac.usac.edu.gt\/index.php?rest_route=\/wp\/v2\/pages\/793"}],"collection":[{"href":"https:\/\/iumusac.usac.edu.gt\/index.php?rest_route=\/wp\/v2\/pages"}],"about":[{"href":"https:\/\/iumusac.usac.edu.gt\/index.php?rest_route=\/wp\/v2\/types\/page"}],"author":[{"embeddable":true,"href":"https:\/\/iumusac.usac.edu.gt\/index.php?rest_route=\/wp\/v2\/users\/1"}],"replies":[{"embeddable":true,"href":"https:\/\/iumusac.usac.edu.gt\/index.php?rest_route=%2Fwp%2Fv2%2Fcomments&post=793"}],"version-history":[{"count":6,"href":"https:\/\/iumusac.usac.edu.gt\/index.php?rest_route=\/wp\/v2\/pages\/793\/revisions"}],"predecessor-version":[{"id":1299,"href":"https:\/\/iumusac.usac.edu.gt\/index.php?rest_route=\/wp\/v2\/pages\/793\/revisions\/1299"}],"wp:attachment":[{"href":"https:\/\/iumusac.usac.edu.gt\/index.php?rest_route=%2Fwp%2Fv2%2Fmedia&parent=793"}],"curies":[{"name":"wp","href":"https:\/\/api.w.org\/{rel}","templated":true}]}}