{"id":750,"date":"2019-03-06T16:01:29","date_gmt":"2019-03-06T16:01:29","guid":{"rendered":"http:\/\/c3.usac.edu.gt\/iumusac.usac.edu.gt\/public_html\/?page_id=750"},"modified":"2019-03-06T16:01:30","modified_gmt":"2019-03-06T16:01:30","slug":"extension","status":"publish","type":"page","link":"https:\/\/iumusac.usac.edu.gt\/?page_id=750","title":{"rendered":"Extensi\u00f3n"},"content":{"rendered":"\n<h3 class=\"wp-block-heading\">\u00c1rea de Extensi\u00f3n<\/h3>\n\n\n\n<p>El es el ente responsable de asesorar, dirigir, coordinar y ejecutar proyectos relacionados con el desarrollo y mejoramiento de la condici\u00f3n de las mujeres en Guatemala y de vinculaci\u00f3n con la sociedad, que proyecta una cultura de equidad de g\u00e9nero, respeto a la diversidad sociocultural y acceso al desarrollo.&nbsp;<\/p>\n\n\n\n<p>En la aplicaci\u00f3n de conocimientos cient\u00edficos, tecnol\u00f3gicos y human\u00edsticos, las funciones espec\u00edficas del \u00e1rea se relacionan a la vinculaci\u00f3n social, con un programa de comunicaci\u00f3n, promoci\u00f3n del desarrollo integral de las mujeres y promoci\u00f3n de producci\u00f3n acad\u00e9mica desde el enfoque de g\u00e9nero en la Universidad de San Carlos de Guatemala.<\/p>\n\n\n\n<h3 class=\"wp-block-heading\"><strong>Objetivos<\/strong><\/h3>\n\n\n\n<ul class=\"wp-block-list\"><li>Integrar las actividades del \u00c1rea de Extensi\u00f3n, con las funciones del \u00c1rea de Investigaci\u00f3n y Docencia para fortalecer las relaciones de equidad de g\u00e9nero en la Universidad de San Carlos de Guatemala.\u00a0<\/li><\/ul>\n\n\n\n<ul class=\"wp-block-list\"><li>Promover el liderazgo universitario y valorar los aportes cient\u00edficos, tecnol\u00f3gicos, human\u00edsticos y \u00e9ticos de las mujeres en la educaci\u00f3n superior.\u00a0<\/li><\/ul>\n\n\n\n<ul class=\"wp-block-list\"><li>Fortalecer las relaciones USAC-Estado, para el cumplimiento de las leyes nacionales y convenios internacionales, para incidir en las pol\u00edticas p\u00fablicas para favorecer a las mujeres guatemaltecas.\u00a0<\/li><\/ul>\n\n\n\n<h3 class=\"wp-block-heading\"><strong>Funciones<\/strong><\/h3>\n\n\n\n<ul class=\"wp-block-list\"><li>Promover, fortalecer y coordinar los programas y proyectos universitarios sobre los ejes tem\u00e1ticos de su especialidad con la Direcci\u00f3n General de Extensi\u00f3n Universitaria.\u00a0<\/li><\/ul>\n\n\n\n<ul class=\"wp-block-list\"><li>Establecer y mantener sistemas de comunicaci\u00f3n con organismos y entidades nacionales e internacionales.\u00a0<\/li><\/ul>\n","protected":false},"excerpt":{"rendered":"<p>\u00c1rea de Extensi\u00f3n El es el ente responsable de asesorar, dirigir, coordinar y ejecutar proyectos relacionados con el desarrollo y mejoramiento de la condici\u00f3n de las mujeres en Guatemala y de vinculaci\u00f3n con la sociedad, que proyecta una cultura de equidad de g\u00e9nero, respeto a la diversidad sociocultural y acceso al desarrollo.&nbsp; En la aplicaci\u00f3n [&hellip;]<\/p>\n","protected":false},"author":1,"featured_media":0,"parent":0,"menu_order":0,"comment_status":"closed","ping_status":"closed","template":"","meta":{"footnotes":""},"class_list":["post-750","page","type-page","status-publish","czr-hentry"],"_links":{"self":[{"href":"https:\/\/iumusac.usac.edu.gt\/index.php?rest_route=\/wp\/v2\/pages\/750"}],"collection":[{"href":"https:\/\/iumusac.usac.edu.gt\/index.php?rest_route=\/wp\/v2\/pages"}],"about":[{"href":"https:\/\/iumusac.usac.edu.gt\/index.php?rest_route=\/wp\/v2\/types\/page"}],"author":[{"embeddable":true,"href":"https:\/\/iumusac.usac.edu.gt\/index.php?rest_route=\/wp\/v2\/users\/1"}],"replies":[{"embeddable":true,"href":"https:\/\/iumusac.usac.edu.gt\/index.php?rest_route=%2Fwp%2Fv2%2Fcomments&post=750"}],"version-history":[{"count":2,"href":"https:\/\/iumusac.usac.edu.gt\/index.php?rest_route=\/wp\/v2\/pages\/750\/revisions"}],"predecessor-version":[{"id":1334,"href":"https:\/\/iumusac.usac.edu.gt\/index.php?rest_route=\/wp\/v2\/pages\/750\/revisions\/1334"}],"wp:attachment":[{"href":"https:\/\/iumusac.usac.edu.gt\/index.php?rest_route=%2Fwp%2Fv2%2Fmedia&parent=750"}],"curies":[{"name":"wp","href":"https:\/\/api.w.org\/{rel}","templated":true}]}}