{"id":745,"date":"2019-03-06T15:57:56","date_gmt":"2019-03-06T15:57:56","guid":{"rendered":"http:\/\/c3.usac.edu.gt\/iumusac.usac.edu.gt\/public_html\/?page_id=745"},"modified":"2022-07-07T15:00:53","modified_gmt":"2022-07-07T15:00:53","slug":"investigacion","status":"publish","type":"page","link":"https:\/\/iumusac.usac.edu.gt\/?page_id=745","title":{"rendered":"Investigaci\u00f3n"},"content":{"rendered":"\n<h3 class=\"wp-block-heading\"><strong>\u00c1rea de&nbsp;Investigaci\u00f3n<\/strong><\/h3>\n\n\n\n<p>\u00c1rea acad\u00e9mica que fortalece el proceso sistem\u00e1tico de la investigaci\u00f3n, funci\u00f3n b\u00e1sica de educaci\u00f3n superior, que genera conocimientos, fundamenta el proceso de ense\u00f1anza aprendizaje y las propuestas de soluci\u00f3n a la problem\u00e1tica de la realidad de las mujeres guatemaltecas y de la sociedad en general.&nbsp;<\/p>\n\n\n\n<p>Promueve la investigaci\u00f3n y estudios de la mujer, las mujeres, las relaciones de g\u00e9nero y feminismos, conjuntamente con las comunidades acad\u00e9micas de educaci\u00f3n superior, de investigaci\u00f3n, del Estado, de organizaciones de mujeres, de redes internacionales y alianzas estrat\u00e9gicas con organismos nacionales y de la cooperaci\u00f3n internacional.<\/p>\n\n\n\n<h3 class=\"wp-block-heading\"><strong>Objetivos<\/strong><\/h3>\n\n\n\n<p>1. Promover el estudio permanente de la realidad de las mujeres y las relaciones de g\u00e9nero en la sociedad guatemalteca, en la universidad y los sectores acad\u00e9micos desde la perspectiva de g\u00e9nero y feminista.&nbsp;<\/p>\n\n\n\n<ol class=\"wp-block-list\"><li>Fortalecer los estudios de la mujer, las mujeres, g\u00e9nero y feminismos dentro del Sistema de Investigaci\u00f3n de la Universidad de San Carlos de Guatemala.&nbsp;<\/li><\/ol>\n\n\n\n<ol class=\"wp-block-list\"><li>Fortalecer el Programa Universitario de Investigaci\u00f3n en Estudios de G\u00e9nero dentro del Sistema Universitario de Investigaci\u00f3n de la USAC, en coordinaci\u00f3n con la Direcci\u00f3n General de Investigaci\u00f3n.&nbsp;<\/li><\/ol>\n\n\n\n<ol class=\"wp-block-list\"><li>Promover la formaci\u00f3n de investigadoras\/es, con especialidad en el estudio de la realidad de las mujeres y las relaciones de g\u00e9nero en la sociedad guatemalteca.&nbsp;<\/li><\/ol>\n\n\n\n<h3 class=\"wp-block-heading\"><strong>Funciones<\/strong><\/h3>\n\n\n\n<p>&#8211; Fortalecer y actualizar permanentemente las l\u00edneas de investigaci\u00f3n del Programa de Investigaci\u00f3n de Estudios de G\u00e9nero, en coordinaci\u00f3n con la Direcci\u00f3n General de Investigaci\u00f3n.&nbsp;<\/p>\n\n\n\n<p>&#8211; Promover investigaciones desde la direcci\u00f3n del IUMUSAC, que sustenten el enfoque de g\u00e9nero del Plan Estrat\u00e9gico de la USAC 2022.&nbsp;<\/p>\n\n\n\n<p>&#8211; Establecer los mecanismos permanentes de informaci\u00f3n, para el fortalecimiento y desarrollo de la investigaci\u00f3n universitaria y su incorporaci\u00f3n con otros sectores a nivel nacional e internacional.&nbsp;<\/p>\n\n\n\n<p>&#8211; Definir, planificar, coordinar y promover la realizaci\u00f3n de investigaciones sobre la situaci\u00f3n, condici\u00f3n y posici\u00f3n de las mujeres.&nbsp;<\/p>\n\n\n\n<p>&#8211; Realizar estudios para la propuesta de soluci\u00f3n de la problem\u00e1tica de la realidad de las mujeres y las relaciones de g\u00e9nero en la sociedad guatemalteca.&nbsp;<\/p>\n\n\n\n<p>&#8211; Promover la gesti\u00f3n y vinculaci\u00f3n con organismos nacionales e internacionales y en particular con organizaciones de mujeres para fortalecer la investigaci\u00f3n con perspectiva de g\u00e9nero y feminista.&nbsp;<\/p>\n\n\n\n<p><strong>Cat\u00e1logo de Investigaciones IUMUSAC 2005-2022<\/strong><\/p>\n\n\n\n<div data-wp-interactive=\"core\/file\" class=\"wp-block-file\"><object data-wp-bind--hidden=\"!state.hasPdfPreview\"  class=\"wp-block-file__embed\" data=\"https:\/\/iumusac.usac.edu.gt\/wp-content\/uploads\/2022\/07\/IUMUSAC-Catalogo-de-Investigaciones-2005-2022-junio.pdf\" type=\"application\/pdf\" style=\"width:100%;height:600px\" aria-label=\"Incrustado de Incrustado de IUMUSAC Cat\u00e1logo de Investigaciones 2005-2022, junio..\"><\/object><a id=\"wp-block-file--media-f9dc89df-12a2-4942-b93b-968bcaccdd43\" href=\"https:\/\/iumusac.usac.edu.gt\/wp-content\/uploads\/2022\/07\/IUMUSAC-Catalogo-de-Investigaciones-2005-2022-junio.pdf\">IUMUSAC Cat\u00e1logo de Investigaciones 2005-2022, junio<\/a><a href=\"https:\/\/iumusac.usac.edu.gt\/wp-content\/uploads\/2022\/07\/IUMUSAC-Catalogo-de-Investigaciones-2005-2022-junio.pdf\" class=\"wp-block-file__button\" download aria-describedby=\"wp-block-file--media-f9dc89df-12a2-4942-b93b-968bcaccdd43\">Descarga<\/a><\/div>\n","protected":false},"excerpt":{"rendered":"<p>\u00c1rea de&nbsp;Investigaci\u00f3n \u00c1rea acad\u00e9mica que fortalece el proceso sistem\u00e1tico de la investigaci\u00f3n, funci\u00f3n b\u00e1sica de educaci\u00f3n superior, que genera conocimientos, fundamenta el proceso de ense\u00f1anza aprendizaje y las propuestas de soluci\u00f3n a la problem\u00e1tica de la realidad de las mujeres guatemaltecas y de la sociedad en general.&nbsp; Promueve la investigaci\u00f3n y estudios de la mujer, [&hellip;]<\/p>\n","protected":false},"author":1,"featured_media":0,"parent":0,"menu_order":0,"comment_status":"closed","ping_status":"closed","template":"","meta":{"footnotes":""},"class_list":["post-745","page","type-page","status-publish","czr-hentry"],"_links":{"self":[{"href":"https:\/\/iumusac.usac.edu.gt\/index.php?rest_route=\/wp\/v2\/pages\/745"}],"collection":[{"href":"https:\/\/iumusac.usac.edu.gt\/index.php?rest_route=\/wp\/v2\/pages"}],"about":[{"href":"https:\/\/iumusac.usac.edu.gt\/index.php?rest_route=\/wp\/v2\/types\/page"}],"author":[{"embeddable":true,"href":"https:\/\/iumusac.usac.edu.gt\/index.php?rest_route=\/wp\/v2\/users\/1"}],"replies":[{"embeddable":true,"href":"https:\/\/iumusac.usac.edu.gt\/index.php?rest_route=%2Fwp%2Fv2%2Fcomments&post=745"}],"version-history":[{"count":2,"href":"https:\/\/iumusac.usac.edu.gt\/index.php?rest_route=\/wp\/v2\/pages\/745\/revisions"}],"predecessor-version":[{"id":929,"href":"https:\/\/iumusac.usac.edu.gt\/index.php?rest_route=\/wp\/v2\/pages\/745\/revisions\/929"}],"wp:attachment":[{"href":"https:\/\/iumusac.usac.edu.gt\/index.php?rest_route=%2Fwp%2Fv2%2Fmedia&parent=745"}],"curies":[{"name":"wp","href":"https:\/\/api.w.org\/{rel}","templated":true}]}}