{"id":743,"date":"2019-03-06T15:56:31","date_gmt":"2019-03-06T15:56:31","guid":{"rendered":"http:\/\/c3.usac.edu.gt\/iumusac.usac.edu.gt\/public_html\/?page_id=743"},"modified":"2022-07-11T14:04:36","modified_gmt":"2022-07-11T14:04:36","slug":"direccion","status":"publish","type":"page","link":"https:\/\/iumusac.usac.edu.gt\/?page_id=743","title":{"rendered":"Direcci\u00f3n"},"content":{"rendered":"\n<h3 class=\"wp-block-heading\">Direcci\u00f3n IUMUSAC<\/h3>\n\n\n\n<p>Es el \u00f3rgano responsable de trabajo profesional orientado a la realizaci\u00f3n de actividades de direcci\u00f3n y administraci\u00f3n general del Instituto en el \u00e1mbito pol\u00edtico, administrativo y financiero, as\u00ed como en las \u00e1reas de Investigaci\u00f3n, Docencia y Extensi\u00f3n y de representaci\u00f3n de la Universidad de San Carlos de Guatemala en asuntos referidos al tema de g\u00e9nero, a lo interno y externo de la universidad.<\/p>\n\n\n\n<h3 class=\"wp-block-heading\"><strong>Objetivos&nbsp;<\/strong><\/h3>\n\n\n\n<p>&#8211; Impulsar la formaci\u00f3n acad\u00e9mica, de servicio y de investigaci\u00f3n sobre la condici\u00f3n, posici\u00f3n y situaci\u00f3n de las mujeres, en los \u00e1mbitos urbano y rural, as\u00ed como la realidad multi\u00e9tnica, multiling\u00fce y pluricultural de la sociedad guatemalteca.&nbsp;<\/p>\n\n\n\n<p>&#8211; Impulsar un desarrollo cient\u00edfico y tecnol\u00f3gico que promueva la equidad de g\u00e9nero en la sociedad guatemalteca.&nbsp;<\/p>\n\n\n\n<p>&#8211; Promover la igualdad y la equidad entre mujeres y hombres en el econ\u00f3mico, cultural y pol\u00edtico del-proceso de transformaci\u00f3n socio pa\u00eds.&nbsp;<\/p>\n\n\n\n<p>&#8211; Participar en la consolidaci\u00f3n del movimiento de mujeres y el movimiento social, para construir un modelo de desarrollo humano sostenible y alternativo, que busque la igualdad, el respeto a los Derechos Humanos y la justicia social.&nbsp;<\/p>\n\n\n\n<p>&#8211; Coordinar la participaci\u00f3n de las mujeres en las estructuras pol\u00edticas, acad\u00e9micas y administrativas de la Universidad de San Carlos de Guatemala.&nbsp;<\/p>\n\n\n\n<p>&#8211; Vincular el movimiento de mujeres universitarias con el proceso de desarrollo econ\u00f3mico, social, cultural y pol\u00edtico del pa\u00eds.&nbsp;<\/p>\n\n\n\n<p>&#8211; Crear y establecer las pol\u00edticas y estrategias que permitan el desarrollo de las mujeres universitarias en condiciones de igualdad y equidad.&nbsp;<\/p>\n\n\n\n<p>&#8211; Crear programas y proyectos multidisciplinarios, con la cooperaci\u00f3n de instituciones y organismos nacionales e institucionales.&nbsp;<\/p>\n\n\n\n<p>&#8211; Divulgar e informar, por todos los medios a su alcance, el contenido de las convenciones, tratados y acuerdos, tanto nacionales como internacionales, en materia de derechos humanos, especialmente los que se relacionan con los derechos de las mujeres.&nbsp;<\/p>\n\n\n\n<p>&#8211; Desarrollar actividades de vinculaci\u00f3n con la sociedad de los programas que desarrolla el Instituto.&nbsp;<\/p>\n\n\n\n<figure class=\"wp-block-image size-large\"><img loading=\"lazy\" decoding=\"async\" width=\"791\" height=\"1024\" src=\"https:\/\/iumusac.usac.edu.gt\/wp-content\/uploads\/2022\/07\/Nota-Posesion-Licda.-Karina-Rodas-Directora-IUMUSAC-1-791x1024.jpg\" alt=\"\" class=\"wp-image-1108\" srcset=\"https:\/\/iumusac.usac.edu.gt\/wp-content\/uploads\/2022\/07\/Nota-Posesion-Licda.-Karina-Rodas-Directora-IUMUSAC-1-791x1024.jpg 791w, https:\/\/iumusac.usac.edu.gt\/wp-content\/uploads\/2022\/07\/Nota-Posesion-Licda.-Karina-Rodas-Directora-IUMUSAC-1-232x300.jpg 232w, https:\/\/iumusac.usac.edu.gt\/wp-content\/uploads\/2022\/07\/Nota-Posesion-Licda.-Karina-Rodas-Directora-IUMUSAC-1-768x994.jpg 768w, https:\/\/iumusac.usac.edu.gt\/wp-content\/uploads\/2022\/07\/Nota-Posesion-Licda.-Karina-Rodas-Directora-IUMUSAC-1-1187x1536.jpg 1187w, https:\/\/iumusac.usac.edu.gt\/wp-content\/uploads\/2022\/07\/Nota-Posesion-Licda.-Karina-Rodas-Directora-IUMUSAC-1-1583x2048.jpg 1583w, https:\/\/iumusac.usac.edu.gt\/wp-content\/uploads\/2022\/07\/Nota-Posesion-Licda.-Karina-Rodas-Directora-IUMUSAC-1.jpg 1700w\" sizes=\"(max-width: 791px) 100vw, 791px\" \/><\/figure>\n","protected":false},"excerpt":{"rendered":"<p>Direcci\u00f3n IUMUSAC Es el \u00f3rgano responsable de trabajo profesional orientado a la realizaci\u00f3n de actividades de direcci\u00f3n y administraci\u00f3n general del Instituto en el \u00e1mbito pol\u00edtico, administrativo y financiero, as\u00ed como en las \u00e1reas de Investigaci\u00f3n, Docencia y Extensi\u00f3n y de representaci\u00f3n de la Universidad de San Carlos de Guatemala en asuntos referidos al tema [&hellip;]<\/p>\n","protected":false},"author":1,"featured_media":0,"parent":0,"menu_order":0,"comment_status":"closed","ping_status":"closed","template":"","meta":{"footnotes":""},"class_list":["post-743","page","type-page","status-publish","czr-hentry"],"_links":{"self":[{"href":"https:\/\/iumusac.usac.edu.gt\/index.php?rest_route=\/wp\/v2\/pages\/743"}],"collection":[{"href":"https:\/\/iumusac.usac.edu.gt\/index.php?rest_route=\/wp\/v2\/pages"}],"about":[{"href":"https:\/\/iumusac.usac.edu.gt\/index.php?rest_route=\/wp\/v2\/types\/page"}],"author":[{"embeddable":true,"href":"https:\/\/iumusac.usac.edu.gt\/index.php?rest_route=\/wp\/v2\/users\/1"}],"replies":[{"embeddable":true,"href":"https:\/\/iumusac.usac.edu.gt\/index.php?rest_route=%2Fwp%2Fv2%2Fcomments&post=743"}],"version-history":[{"count":2,"href":"https:\/\/iumusac.usac.edu.gt\/index.php?rest_route=\/wp\/v2\/pages\/743\/revisions"}],"predecessor-version":[{"id":1264,"href":"https:\/\/iumusac.usac.edu.gt\/index.php?rest_route=\/wp\/v2\/pages\/743\/revisions\/1264"}],"wp:attachment":[{"href":"https:\/\/iumusac.usac.edu.gt\/index.php?rest_route=%2Fwp%2Fv2%2Fmedia&parent=743"}],"curies":[{"name":"wp","href":"https:\/\/api.w.org\/{rel}","templated":true}]}}