{"id":733,"date":"2019-03-06T15:53:17","date_gmt":"2019-03-06T15:53:17","guid":{"rendered":"http:\/\/c3.usac.edu.gt\/iumusac.usac.edu.gt\/public_html\/?page_id=733"},"modified":"2022-07-11T15:12:21","modified_gmt":"2022-07-11T15:12:21","slug":"estructura","status":"publish","type":"page","link":"https:\/\/iumusac.usac.edu.gt\/?page_id=733","title":{"rendered":"Estructura"},"content":{"rendered":"\n<p>El Instituto Universitario de la Mujer de la Universidad de San Carlos de Guatemala \u201cLicenciada Miriam Ileana Maldonado Batres\u201d, para el cumplimiento de sus funciones depende directamente de la Secretaria General.&nbsp;<\/p>\n\n\n\n<p>Su estructura interna est\u00e1 constituida por la Direcci\u00f3n, y las \u00c1reas de Investigaci\u00f3n, Docencia y Extensi\u00f3n Universitaria, y la de apoyo administrativo.&nbsp;<\/p>\n\n\n\n<p>Se asesora a trav\u00e9s de un Consejo T\u00e9cnico integrado por una Delegada titular y una Suplente, nombradas por las Direcciones Generales de Docencia, Investigaci\u00f3n y Extensi\u00f3n Universitaria y por un Consejo Consultivo, integrado por una Delegada titular y una suplente de cada una de las Unidades Acad\u00e9micas, por las\/os Decanos y Directores. Su funci\u00f3n es de consulta, promoci\u00f3n y enlace con las Unidades Acad\u00e9micas y lo preside la Directora del IUMUSAC.&nbsp;<\/p>\n\n\n\n<p>Adem\u00e1s, las coordinaciones del IUMUSAC se asesoran a trav\u00e9s de la Comisi\u00f3n del Programa de Investigaci\u00f3n con enfoque de g\u00e9nero y feminista del \u00c1rea de Investigaci\u00f3n; la Comisi\u00f3n de la C\u00e1tedra de la Mujer del \u00c1rea de Docencia y la Comisi\u00f3n Universitaria de la Mujer del \u00c1rea de Extensi\u00f3n del IUMUSAC.<\/p>\n\n\n\n<h3 class=\"wp-block-heading\">Organigrama<\/h3>\n\n\n\n<p>Imagen de Organigrama<\/p>\n\n\n\n<figure class=\"wp-block-image size-large is-resized\"><img loading=\"lazy\" decoding=\"async\" src=\"https:\/\/iumusac.usac.edu.gt\/wp-content\/uploads\/2022\/07\/Diapositiva1-2-1024x576.jpg\" alt=\"\" class=\"wp-image-1275\" width=\"640\" height=\"360\" srcset=\"https:\/\/iumusac.usac.edu.gt\/wp-content\/uploads\/2022\/07\/Diapositiva1-2-1024x576.jpg 1024w, https:\/\/iumusac.usac.edu.gt\/wp-content\/uploads\/2022\/07\/Diapositiva1-2-300x169.jpg 300w, https:\/\/iumusac.usac.edu.gt\/wp-content\/uploads\/2022\/07\/Diapositiva1-2-768x432.jpg 768w, https:\/\/iumusac.usac.edu.gt\/wp-content\/uploads\/2022\/07\/Diapositiva1-2-1110x624.jpg 1110w, https:\/\/iumusac.usac.edu.gt\/wp-content\/uploads\/2022\/07\/Diapositiva1-2-528x297.jpg 528w, https:\/\/iumusac.usac.edu.gt\/wp-content\/uploads\/2022\/07\/Diapositiva1-2.jpg 1280w\" sizes=\"(max-width: 640px) 100vw, 640px\" \/><\/figure>\n","protected":false},"excerpt":{"rendered":"<p>El Instituto Universitario de la Mujer de la Universidad de San Carlos de Guatemala \u201cLicenciada Miriam Ileana Maldonado Batres\u201d, para el cumplimiento de sus funciones depende directamente de la Secretaria General.&nbsp; Su estructura interna est\u00e1 constituida por la Direcci\u00f3n, y las \u00c1reas de Investigaci\u00f3n, Docencia y Extensi\u00f3n Universitaria, y la de apoyo administrativo.&nbsp; Se asesora [&hellip;]<\/p>\n","protected":false},"author":1,"featured_media":0,"parent":0,"menu_order":0,"comment_status":"closed","ping_status":"closed","template":"","meta":{"footnotes":""},"class_list":["post-733","page","type-page","status-publish","czr-hentry"],"_links":{"self":[{"href":"https:\/\/iumusac.usac.edu.gt\/index.php?rest_route=\/wp\/v2\/pages\/733"}],"collection":[{"href":"https:\/\/iumusac.usac.edu.gt\/index.php?rest_route=\/wp\/v2\/pages"}],"about":[{"href":"https:\/\/iumusac.usac.edu.gt\/index.php?rest_route=\/wp\/v2\/types\/page"}],"author":[{"embeddable":true,"href":"https:\/\/iumusac.usac.edu.gt\/index.php?rest_route=\/wp\/v2\/users\/1"}],"replies":[{"embeddable":true,"href":"https:\/\/iumusac.usac.edu.gt\/index.php?rest_route=%2Fwp%2Fv2%2Fcomments&post=733"}],"version-history":[{"count":3,"href":"https:\/\/iumusac.usac.edu.gt\/index.php?rest_route=\/wp\/v2\/pages\/733\/revisions"}],"predecessor-version":[{"id":1276,"href":"https:\/\/iumusac.usac.edu.gt\/index.php?rest_route=\/wp\/v2\/pages\/733\/revisions\/1276"}],"wp:attachment":[{"href":"https:\/\/iumusac.usac.edu.gt\/index.php?rest_route=%2Fwp%2Fv2%2Fmedia&parent=733"}],"curies":[{"name":"wp","href":"https:\/\/api.w.org\/{rel}","templated":true}]}}