{"id":723,"date":"2019-03-06T15:50:36","date_gmt":"2019-03-06T15:50:36","guid":{"rendered":"http:\/\/c3.usac.edu.gt\/iumusac.usac.edu.gt\/public_html\/?page_id=723"},"modified":"2024-10-13T22:56:01","modified_gmt":"2024-10-14T04:56:01","slug":"quienes-somos","status":"publish","type":"page","link":"https:\/\/iumusac.usac.edu.gt\/?page_id=723","title":{"rendered":"\u00bfQui\u00e9nes somos?"},"content":{"rendered":"\n<p>El <strong>INSTITUTO UNIVERSITARIO DE LA MUJER<\/strong> de la Universidad de San Carlos de Guatemala (IUMUSAC) ente rector de pol\u00edticas y acciones universitarias a favor del desarrollo de las mujeres y la equidad de g\u00e9nero en la educaci\u00f3n superior.&nbsp;<\/p>\n\n\n\n<p>El IUMUSAC es un ente no facultativo y con dependencia directa de Rector\u00eda; y con la misi\u00f3n de asesorar, dirigir, promover, coordinar, articular y ejecutar, programas y proyectos de investigaci\u00f3n, extensi\u00f3n y docencia relacionados con el desarrollo, adelanto y mejoramiento de la condici\u00f3n de las mujeres en el pa\u00eds, promover\u00e1 equidad de g\u00e9nero, respeto a la diversidad sociocultural y acceso al desarrollo.<\/p>\n\n\n\n<figure class=\"wp-block-image size-medium is-resized\"><img loading=\"lazy\" decoding=\"async\" width=\"300\" height=\"234\" src=\"https:\/\/iumusac.usac.edu.gt\/wp-content\/uploads\/2023\/06\/Fotografia-jpj.jpg-Elda-Marroquin--300x234.jpg\" alt=\"\" class=\"wp-image-1304\" style=\"width:372px;height:auto\" srcset=\"https:\/\/iumusac.usac.edu.gt\/wp-content\/uploads\/2023\/06\/Fotografia-jpj.jpg-Elda-Marroquin--300x234.jpg 300w, https:\/\/iumusac.usac.edu.gt\/wp-content\/uploads\/2023\/06\/Fotografia-jpj.jpg-Elda-Marroquin--1024x798.jpg 1024w, https:\/\/iumusac.usac.edu.gt\/wp-content\/uploads\/2023\/06\/Fotografia-jpj.jpg-Elda-Marroquin--768x598.jpg 768w, https:\/\/iumusac.usac.edu.gt\/wp-content\/uploads\/2023\/06\/Fotografia-jpj.jpg-Elda-Marroquin--1536x1197.jpg 1536w, https:\/\/iumusac.usac.edu.gt\/wp-content\/uploads\/2023\/06\/Fotografia-jpj.jpg-Elda-Marroquin-.jpg 1558w\" sizes=\"(max-width: 300px) 100vw, 300px\" \/><\/figure>\n\n\n\n<p><strong>M.A. Elda Clorinda Marroqu\u00edn Itzol.<\/strong> Directora del IUMUSAC.<\/p>\n\n\n\n<p>Elda Clorinda Marroqu\u00edn Itzol, originaria de Patzun Chimaltenango, es graduada como maestra de Educaci\u00f3n Primaria Urbana, Profesora de Ense\u00f1anza Media en Lengua y Literatura, Licenciada en Pedagog\u00eda y Administraci\u00f3n. Educativa y&nbsp; M.A. en Docencia Universitaria con \u00c9nfasis en Tecnolog\u00edas e Innovaci\u00f3n de la Educaci\u00f3n, en la &nbsp;Universidad de San Carlos de Guatemala, es docente de la&nbsp; Facultad de Humanidades&nbsp; y actualmente es Directora del Instituto Universitario de la Mujer,&nbsp; Licda. &#8220;Miriam Ileana Maldonado Batres&#8221; (USAC) &nbsp;ente rector de pol\u00edticas y acciones universitarias a favor del desarrollo de las mujeres y la equidad de g\u00e9nero en la educaci\u00f3n superior. Ha participado en diversas entrevistas relacionadas a los distintos temas relacionados a los derechos y aportes al desarrollo de la mujer, como estudiantes y de la sociedad guatemalteca.<\/p>\n\n\n\n<figure class=\"wp-block-image size-large is-resized\"><img loading=\"lazy\" decoding=\"async\" width=\"941\" height=\"1024\" src=\"https:\/\/iumusac.usac.edu.gt\/wp-content\/uploads\/2023\/06\/IMG-20230427-WA0022-941x1024.jpg\" alt=\"\" class=\"wp-image-1320\" style=\"width:354px;height:auto\" srcset=\"https:\/\/iumusac.usac.edu.gt\/wp-content\/uploads\/2023\/06\/IMG-20230427-WA0022-941x1024.jpg 941w, https:\/\/iumusac.usac.edu.gt\/wp-content\/uploads\/2023\/06\/IMG-20230427-WA0022-276x300.jpg 276w, https:\/\/iumusac.usac.edu.gt\/wp-content\/uploads\/2023\/06\/IMG-20230427-WA0022-768x835.jpg 768w, https:\/\/iumusac.usac.edu.gt\/wp-content\/uploads\/2023\/06\/IMG-20230427-WA0022.jpg 1138w\" sizes=\"(max-width: 941px) 100vw, 941px\" \/><figcaption class=\"wp-element-caption\"><strong>Dra. Carmen Yolanda L\u00f3pez Palacios. Coordinadora de \u00c1rea de Investigaci\u00f3n IUMUSAC.<\/strong><\/figcaption><\/figure>\n\n\n\n<p>M\u00e9dica y Cirujana, Investigadora del Instituto de Nutrici\u00f3n de Centroam\u00e9rica y Panam\u00e1, INCAP y del Centro de Estudios en Sensoriopat\u00edas, Senectud, Impedimentos y Alteraciones Metab\u00f3licas CeSSIAM Maestr\u00eda en Docencia Universitaria e Investigaci\u00f3n Educativa, Estudios de Doctorado en Educaci\u00f3n,<br>USAC; Especialidad en Estudios de G\u00e9nero y Feminismos, CEIICH \u2013 UNAM; Coordinadora de Programas Universitarios de Investigaci\u00f3n en Educaci\u00f3n, Recursos Naturales y Ambiente y Estudios de G\u00e9nero en la Direcci\u00f3n General de Investigaci\u00f3n, DIGI; Investigadora Universitaria dentro del Sistema de Investigaci\u00f3n de la Universidad de San Carlos de Guatemala, SINUSAC y del Sistema Nacional de Ciencia y Tecnolog\u00eda, SINCYT; Comisiones de Informaci\u00f3n e Inform\u00e1tica y de Recursos Humanos de la Secretar\u00eda Nacional de Ciencia y Tecnolog\u00eda, SENACYT, Representante del IUMUSAC ante la Asamblea General de Delegadas de la Oficina Nacional de la Mujer, ONAM y Medalla del \u00c1rea Metropolitana en 2019 Coordinadora \u00c1rea de Investigaci\u00f3n del IUMUSAC 2005 a<br>la fecha.<\/p>\n\n\n\n<figure class=\"wp-block-image size-full is-resized\"><img loading=\"lazy\" decoding=\"async\" width=\"440\" height=\"568\" src=\"https:\/\/iumusac.usac.edu.gt\/wp-content\/uploads\/2023\/06\/Fotografia-maluvf-IUMUSAC-nov-2021FONDO-BLANCO.png\" alt=\"\" class=\"wp-image-1325\" style=\"width:258px;height:auto\" srcset=\"https:\/\/iumusac.usac.edu.gt\/wp-content\/uploads\/2023\/06\/Fotografia-maluvf-IUMUSAC-nov-2021FONDO-BLANCO.png 440w, https:\/\/iumusac.usac.edu.gt\/wp-content\/uploads\/2023\/06\/Fotografia-maluvf-IUMUSAC-nov-2021FONDO-BLANCO-232x300.png 232w\" sizes=\"(max-width: 440px) 100vw, 440px\" \/><figcaption class=\"wp-element-caption\"><strong>Licda. Mar\u00eda Lucrecia Vicente Franco. Coordinadora de \u00c1rea de Docencia. IUMUSAC.<\/strong><\/figcaption><\/figure>\n\n\n\n<p>Feminista. Acad\u00e9mica, licenciada en ciencias psicol\u00f3gicas por la USAC. Cuenta con dos estudios de Especializaci\u00f3n en Estudios Feministas y de G\u00e9neros avalados Fundaci\u00f3n Guatemala-Universidad Rafael Land\u00edvar y Universidad Nacional Aut\u00f3noma de M\u00e9xico. Asimismo, cuenta con estudios en docencia universitaria, investigaci\u00f3n, tecnolog\u00edas de la informaci\u00f3n y las comunicaciones. Docente, investigadora y extensionista. Fundadora del modelo de atenci\u00f3n integral contra la violencia hacia las mujeres en Guatemala, cuenta con una trayectoria de 35 a\u00f1os en el movimiento de mujeres y feminista. Desde hace 16 a\u00f1os labora en el IUMUSAC como Coordinadora del \u00c1rea de Docencia, ha promovido y participado en espacios articulados para la defensa de los derechos humanos de las mujeres.<\/p>\n\n\n\n<figure class=\"wp-block-image size-full is-resized\"><img decoding=\"async\" src=\"https:\/\/iumusac.usac.edu.gt\/wp-content\/uploads\/2024\/10\/Sandra-Collado.png\" alt=\"\" class=\"wp-image-1325\" style=\"width:258px;height:auto\"\/><figcaption class=\"wp-element-caption\"><strong>M.A. Sandra Ver\u00f3nica Collado Leonardo. Coordinadora de \u00c1rea de Extensi\u00f3n. IUMUSAC<\/strong><\/figcaption><\/figure>\n\n\n\n<p>Acad\u00e9mica feminista, con estudios&nbsp; de Pedagog\u00eda en Ciencias de la Educaci\u00f3n USAC y Maestr\u00eda en Gerencia Educativa UPANA Guatemala. Diplomado en Estudios de G\u00e9nero y Feminismos por FLACSO sede acad\u00e9mica Guatemala. Educadora popular en Asociaci\u00f3n Movimiento Fe y Alegr\u00eda Guatemala de 1989 a 2001. Desde 2002 ha ocupado diferentes cargos en la Universidad de San Carlos de Guatemala:<\/p>\n\n\n\n<ul class=\"wp-block-list\">\n<li>Docente del Programa Acad\u00e9mico Preparatorio (EFPEM-USAC)<\/li>\n\n\n\n<li>Docente del Curso Formaci\u00f3n Docente, Programa PLART, Escuela Superior de Arte. USAC<\/li>\n\n\n\n<li>Secretaria Acad\u00e9mica de la Escuela Superior de Arte. USAC<\/li>\n\n\n\n<li>Conductora y productora del Programa radial Mujeres y Universidad en Radio Universidad.<\/li>\n\n\n\n<li>Publicaciones en Revista Mujeres &amp; universidad, Revista IPNUSAC entre otros.<\/li>\n<\/ul>\n\n\n\n<figure class=\"wp-block-image size-large is-resized\"><img loading=\"lazy\" decoding=\"async\" width=\"669\" height=\"1024\" src=\"https:\/\/iumusac.usac.edu.gt\/wp-content\/uploads\/2023\/06\/Maria-del-Carmen-Tanchez-Villagran-669x1024.jpg\" alt=\"\" class=\"wp-image-1330\" style=\"width:260px;height:auto\" srcset=\"https:\/\/iumusac.usac.edu.gt\/wp-content\/uploads\/2023\/06\/Maria-del-Carmen-Tanchez-Villagran-669x1024.jpg 669w, https:\/\/iumusac.usac.edu.gt\/wp-content\/uploads\/2023\/06\/Maria-del-Carmen-Tanchez-Villagran-196x300.jpg 196w, https:\/\/iumusac.usac.edu.gt\/wp-content\/uploads\/2023\/06\/Maria-del-Carmen-Tanchez-Villagran-768x1175.jpg 768w, https:\/\/iumusac.usac.edu.gt\/wp-content\/uploads\/2023\/06\/Maria-del-Carmen-Tanchez-Villagran.jpg 773w\" sizes=\"(max-width: 669px) 100vw, 669px\" \/><figcaption class=\"wp-element-caption\"><strong>Licda. Mar\u00eda del Carmen T\u00e1nchez Villagr\u00e1n. Investigadora IUMUSAC.<\/strong><\/figcaption><\/figure>\n\n\n\n<p>Guatemalteca. Licenciada en Relaciones Internacionales, por la Universidad de San Carlos de Guatemala \u2013 USAC. Investigadora en \u2013 IUMUSAC con especialidad en Perspectiva de G\u00e9nero. En formaci\u00f3n Feminista. Emp\u00e1tica, sororaria y respetuosa de los Derechos Humanos. Con estudios de Investigaci\u00f3n en destacados Programas de formaci\u00f3n a nivel Internacional en la Universidad Internacional de la Rioja, Espa\u00f1a \u2013 UNIR -. Revisora de Tesis de Pregrado. Publicaciones acad\u00e9micas en Revista del Instituto de Investigaciones Pol\u00edticas y Sociales \u201cDr. Ren\u00e9 Poitevin\u201d, Mujeres &amp; Universidad &#8211; IUMUSAC y Revista de An\u00e1lisis de la Realidad Nacional &#8211; IPNUSAC. Ponente en el \u00e1mbito acad\u00e9mico a nivel Nacional y Latinoamericano en \u2013 USAC, Instituto de Estudios Internacionales de la Universidad de Chile y Universidad de Costa Rica.<\/p>\n\n\n\n<div data-wp-interactive=\"core\/file\" class=\"wp-block-file\"><object data-wp-bind--hidden=\"!state.hasPdfPreview\"  class=\"wp-block-file__embed\" data=\"https:\/\/iumusac.usac.edu.gt\/wp-content\/uploads\/2022\/07\/IUMUSAC-institucional-Trifoliar-2022.pdf\" type=\"application\/pdf\" style=\"width:100%;height:600px\" aria-label=\"Incrustado de IUMUSAC-institucional-Trifoliar-2022.\"><\/object><a id=\"wp-block-file--media-75509d83-ade3-45f7-8cdd-5785e968e036\" href=\"https:\/\/iumusac.usac.edu.gt\/wp-content\/uploads\/2022\/07\/IUMUSAC-institucional-Trifoliar-2022.pdf\">IUMUSAC-institucional-Trifoliar-2022<\/a><a href=\"https:\/\/iumusac.usac.edu.gt\/wp-content\/uploads\/2022\/07\/IUMUSAC-institucional-Trifoliar-2022.pdf\" class=\"wp-block-file__button wp-element-button\" download aria-describedby=\"wp-block-file--media-75509d83-ade3-45f7-8cdd-5785e968e036\">Descarga<\/a><\/div>\n","protected":false},"excerpt":{"rendered":"<p>El INSTITUTO UNIVERSITARIO DE LA MUJER de la Universidad de San Carlos de Guatemala (IUMUSAC) ente rector de pol\u00edticas y acciones universitarias a favor del desarrollo de las mujeres y la equidad de g\u00e9nero en la educaci\u00f3n superior.&nbsp; El IUMUSAC es un ente no facultativo y con dependencia directa de Rector\u00eda; y con la misi\u00f3n [&hellip;]<\/p>\n","protected":false},"author":1,"featured_media":0,"parent":0,"menu_order":0,"comment_status":"closed","ping_status":"closed","template":"","meta":{"footnotes":""},"class_list":["post-723","page","type-page","status-publish","czr-hentry"],"_links":{"self":[{"href":"https:\/\/iumusac.usac.edu.gt\/index.php?rest_route=\/wp\/v2\/pages\/723"}],"collection":[{"href":"https:\/\/iumusac.usac.edu.gt\/index.php?rest_route=\/wp\/v2\/pages"}],"about":[{"href":"https:\/\/iumusac.usac.edu.gt\/index.php?rest_route=\/wp\/v2\/types\/page"}],"author":[{"embeddable":true,"href":"https:\/\/iumusac.usac.edu.gt\/index.php?rest_route=\/wp\/v2\/users\/1"}],"replies":[{"embeddable":true,"href":"https:\/\/iumusac.usac.edu.gt\/index.php?rest_route=%2Fwp%2Fv2%2Fcomments&post=723"}],"version-history":[{"count":22,"href":"https:\/\/iumusac.usac.edu.gt\/index.php?rest_route=\/wp\/v2\/pages\/723\/revisions"}],"predecessor-version":[{"id":1544,"href":"https:\/\/iumusac.usac.edu.gt\/index.php?rest_route=\/wp\/v2\/pages\/723\/revisions\/1544"}],"wp:attachment":[{"href":"https:\/\/iumusac.usac.edu.gt\/index.php?rest_route=%2Fwp%2Fv2%2Fmedia&parent=723"}],"curies":[{"name":"wp","href":"https:\/\/api.w.org\/{rel}","templated":true}]}}