{"id":57,"date":"2016-03-30T16:40:24","date_gmt":"2016-03-30T16:40:24","guid":{"rendered":"http:\/\/c2.usac.edu.gt\/iumusac\/public_html\/?page_id=57"},"modified":"2016-05-09T23:55:03","modified_gmt":"2016-05-09T23:55:03","slug":"telefonos","status":"publish","type":"page","link":"https:\/\/iumusac.usac.edu.gt\/?page_id=57","title":{"rendered":"Area de Docencia"},"content":{"rendered":"<ul>\n<li>Asesor\u00eda a departamentos curriculares para incorporar el enfoque de g\u00e9nero en pensum de estudios de USAC.<\/li>\n<li><span class=\"text_exposed_show\">Conferencias y cursos sobre docencia y curr\u00edculo univeristaria con enfoque de g\u00e9nero.<\/span><\/li>\n<\/ul>\n","protected":false},"excerpt":{"rendered":"<p>Asesor\u00eda a departamentos curriculares para incorporar el enfoque de g\u00e9nero en pensum de estudios de USAC. Conferencias y cursos sobre docencia y curr\u00edculo univeristaria con enfoque de g\u00e9nero.<\/p>\n","protected":false},"author":1,"featured_media":0,"parent":0,"menu_order":3,"comment_status":"closed","ping_status":"closed","template":"","meta":{"footnotes":""},"class_list":["post-57","page","type-page","status-publish","czr-hentry"],"_links":{"self":[{"href":"https:\/\/iumusac.usac.edu.gt\/index.php?rest_route=\/wp\/v2\/pages\/57"}],"collection":[{"href":"https:\/\/iumusac.usac.edu.gt\/index.php?rest_route=\/wp\/v2\/pages"}],"about":[{"href":"https:\/\/iumusac.usac.edu.gt\/index.php?rest_route=\/wp\/v2\/types\/page"}],"author":[{"embeddable":true,"href":"https:\/\/iumusac.usac.edu.gt\/index.php?rest_route=\/wp\/v2\/users\/1"}],"replies":[{"embeddable":true,"href":"https:\/\/iumusac.usac.edu.gt\/index.php?rest_route=%2Fwp%2Fv2%2Fcomments&post=57"}],"version-history":[{"count":3,"href":"https:\/\/iumusac.usac.edu.gt\/index.php?rest_route=\/wp\/v2\/pages\/57\/revisions"}],"predecessor-version":[{"id":118,"href":"https:\/\/iumusac.usac.edu.gt\/index.php?rest_route=\/wp\/v2\/pages\/57\/revisions\/118"}],"wp:attachment":[{"href":"https:\/\/iumusac.usac.edu.gt\/index.php?rest_route=%2Fwp%2Fv2%2Fmedia&parent=57"}],"curies":[{"name":"wp","href":"https:\/\/api.w.org\/{rel}","templated":true}]}}