{"id":328,"date":"2016-06-10T15:37:10","date_gmt":"2016-06-10T15:37:10","guid":{"rendered":"http:\/\/c2.usac.edu.gt\/iumusac\/public_html\/?page_id=328"},"modified":"2022-07-09T14:09:45","modified_gmt":"2022-07-09T14:09:45","slug":"catedra-luz-mendez-de-la-vega","status":"publish","type":"page","link":"https:\/\/iumusac.usac.edu.gt\/?page_id=328","title":{"rendered":"C\u00e1tedra Luz M\u00e9ndez de la Vega"},"content":{"rendered":"<p><strong>Objetivos:<\/strong><\/p>\n<ul>\n<li>Difundir el pensamiento, la trayectoria y las contribuciones de esta notable feminista guatemalteca a trav\u00e9s de la investigaci\u00f3n, docencia y extensi\u00f3n universitaria.<\/li>\n<li>Promover la formaci\u00f3n de recursos humano universitario especializado en perspectiva de g\u00e9nero y feminista en la Universidad de San Carlos de Guatemala a nivel curricular y extracurricular en los niveles de pregrado, grado y postgrado.<\/li>\n<\/ul>\n<p>Creada por Acuerdo\u00a0 de Rector\u00eda No. 1542-2012.<\/p>\n<p><img loading=\"lazy\" decoding=\"async\" class=\"alignnone size-full wp-image-329\" src=\"http:\/\/c2.usac.edu.gt\/iumusac\/public_html\/wp-content\/uploads\/2016\/06\/foto-luz-mendez.jpg\" alt=\"foto luz mendez\" width=\"259\" height=\"195\" srcset=\"https:\/\/iumusac.usac.edu.gt\/wp-content\/uploads\/2016\/06\/foto-luz-mendez.jpg 259w, https:\/\/iumusac.usac.edu.gt\/wp-content\/uploads\/2016\/06\/foto-luz-mendez-240x180.jpg 240w\" sizes=\"(max-width: 259px) 100vw, 259px\" \/><\/p>\n<p>\u00a0<\/p>\n<p>\u00a0<\/p>\n\n\n<h2 class=\"wp-block-heading\">ACTIVIDADES C\u00e1tedra de la Mujer. Luz M\u00e9ndez de la Vega<\/h2>\n\n\n\n<p>A\u00d1O 2019. ACTIVIDADES IUMUSAC &#8211; DDA.<\/p>\n\n\n\n<figure class=\"wp-block-image size-full\"><img loading=\"lazy\" decoding=\"async\" width=\"1024\" height=\"768\" src=\"https:\/\/iumusac.usac.edu.gt\/wp-content\/uploads\/2022\/07\/1-catedra-mujer-vk.jpg\" alt=\"\" class=\"wp-image-1201\" srcset=\"https:\/\/iumusac.usac.edu.gt\/wp-content\/uploads\/2022\/07\/1-catedra-mujer-vk.jpg 1024w, https:\/\/iumusac.usac.edu.gt\/wp-content\/uploads\/2022\/07\/1-catedra-mujer-vk-300x225.jpg 300w, https:\/\/iumusac.usac.edu.gt\/wp-content\/uploads\/2022\/07\/1-catedra-mujer-vk-768x576.jpg 768w\" sizes=\"(max-width: 1024px) 100vw, 1024px\" \/><\/figure>\n\n\n\n<p><\/p>\n\n\n\n<p><\/p>\n\n\n\n<p><\/p>\n\n\n\n<p><\/p>\n\n\n\n<figure class=\"wp-block-image size-full\"><img loading=\"lazy\" decoding=\"async\" width=\"720\" height=\"422\" src=\"https:\/\/iumusac.usac.edu.gt\/wp-content\/uploads\/2022\/07\/Luz-mendez-de-la-vega.jpg\" alt=\"\" class=\"wp-image-1203\" srcset=\"https:\/\/iumusac.usac.edu.gt\/wp-content\/uploads\/2022\/07\/Luz-mendez-de-la-vega.jpg 720w, https:\/\/iumusac.usac.edu.gt\/wp-content\/uploads\/2022\/07\/Luz-mendez-de-la-vega-300x176.jpg 300w\" sizes=\"(max-width: 720px) 100vw, 720px\" \/><\/figure>\n\n\n\n<p><\/p>\n\n\n\n<figure class=\"wp-block-image size-large\"><img loading=\"lazy\" decoding=\"async\" width=\"1024\" height=\"1024\" src=\"https:\/\/iumusac.usac.edu.gt\/wp-content\/uploads\/2022\/07\/IMG-20190723-WA0017-1024x1024.jpg\" alt=\"\" class=\"wp-image-1204\" srcset=\"https:\/\/iumusac.usac.edu.gt\/wp-content\/uploads\/2022\/07\/IMG-20190723-WA0017-1024x1024.jpg 1024w, https:\/\/iumusac.usac.edu.gt\/wp-content\/uploads\/2022\/07\/IMG-20190723-WA0017-300x300.jpg 300w, https:\/\/iumusac.usac.edu.gt\/wp-content\/uploads\/2022\/07\/IMG-20190723-WA0017-150x150.jpg 150w, https:\/\/iumusac.usac.edu.gt\/wp-content\/uploads\/2022\/07\/IMG-20190723-WA0017-768x768.jpg 768w, https:\/\/iumusac.usac.edu.gt\/wp-content\/uploads\/2022\/07\/IMG-20190723-WA0017-510x510.jpg 510w, https:\/\/iumusac.usac.edu.gt\/wp-content\/uploads\/2022\/07\/IMG-20190723-WA0017.jpg 1200w\" sizes=\"(max-width: 1024px) 100vw, 1024px\" \/><\/figure>\n\n\n\n<p><\/p>\n\n\n\n<p><\/p>\n\n\n\n<p><\/p>\n\n\n\n<p><strong>A\u00d1O 2020. ACTIVIDADES IUMUSAC <\/strong><\/p>\n\n\n\n<p><\/p>\n\n\n\n<figure class=\"wp-block-image size-full\"><img loading=\"lazy\" decoding=\"async\" width=\"926\" height=\"960\" src=\"https:\/\/iumusac.usac.edu.gt\/wp-content\/uploads\/2022\/07\/Catedra-Luz-Mendez-afiche.jpg\" alt=\"\" class=\"wp-image-1205\" srcset=\"https:\/\/iumusac.usac.edu.gt\/wp-content\/uploads\/2022\/07\/Catedra-Luz-Mendez-afiche.jpg 926w, https:\/\/iumusac.usac.edu.gt\/wp-content\/uploads\/2022\/07\/Catedra-Luz-Mendez-afiche-289x300.jpg 289w, https:\/\/iumusac.usac.edu.gt\/wp-content\/uploads\/2022\/07\/Catedra-Luz-Mendez-afiche-768x796.jpg 768w\" sizes=\"(max-width: 926px) 100vw, 926px\" \/><\/figure>\n\n\n\n<figure class=\"wp-block-image size-full\"><img loading=\"lazy\" decoding=\"async\" width=\"926\" height=\"960\" src=\"https:\/\/iumusac.usac.edu.gt\/wp-content\/uploads\/2022\/07\/Catedra-Luz-Mendez.jpg\" alt=\"\" class=\"wp-image-1206\" srcset=\"https:\/\/iumusac.usac.edu.gt\/wp-content\/uploads\/2022\/07\/Catedra-Luz-Mendez.jpg 926w, https:\/\/iumusac.usac.edu.gt\/wp-content\/uploads\/2022\/07\/Catedra-Luz-Mendez-289x300.jpg 289w, https:\/\/iumusac.usac.edu.gt\/wp-content\/uploads\/2022\/07\/Catedra-Luz-Mendez-768x796.jpg 768w\" sizes=\"(max-width: 926px) 100vw, 926px\" \/><\/figure>\n","protected":false},"excerpt":{"rendered":"<p>Objetivos: Difundir el pensamiento, la trayectoria y las contribuciones de esta notable feminista guatemalteca a trav\u00e9s de la investigaci\u00f3n, docencia y extensi\u00f3n universitaria. Promover la formaci\u00f3n de recursos humano universitario especializado en perspectiva de g\u00e9nero y feminista en la Universidad de San Carlos de Guatemala a nivel curricular y extracurricular en los niveles de pregrado, [&hellip;]<\/p>\n","protected":false},"author":1,"featured_media":0,"parent":57,"menu_order":0,"comment_status":"closed","ping_status":"closed","template":"","meta":{"footnotes":""},"class_list":["post-328","page","type-page","status-publish","czr-hentry"],"_links":{"self":[{"href":"https:\/\/iumusac.usac.edu.gt\/index.php?rest_route=\/wp\/v2\/pages\/328"}],"collection":[{"href":"https:\/\/iumusac.usac.edu.gt\/index.php?rest_route=\/wp\/v2\/pages"}],"about":[{"href":"https:\/\/iumusac.usac.edu.gt\/index.php?rest_route=\/wp\/v2\/types\/page"}],"author":[{"embeddable":true,"href":"https:\/\/iumusac.usac.edu.gt\/index.php?rest_route=\/wp\/v2\/users\/1"}],"replies":[{"embeddable":true,"href":"https:\/\/iumusac.usac.edu.gt\/index.php?rest_route=%2Fwp%2Fv2%2Fcomments&post=328"}],"version-history":[{"count":4,"href":"https:\/\/iumusac.usac.edu.gt\/index.php?rest_route=\/wp\/v2\/pages\/328\/revisions"}],"predecessor-version":[{"id":1209,"href":"https:\/\/iumusac.usac.edu.gt\/index.php?rest_route=\/wp\/v2\/pages\/328\/revisions\/1209"}],"up":[{"embeddable":true,"href":"https:\/\/iumusac.usac.edu.gt\/index.php?rest_route=\/wp\/v2\/pages\/57"}],"wp:attachment":[{"href":"https:\/\/iumusac.usac.edu.gt\/index.php?rest_route=%2Fwp%2Fv2%2Fmedia&parent=328"}],"curies":[{"name":"wp","href":"https:\/\/api.w.org\/{rel}","templated":true}]}}