{"id":310,"date":"2016-06-10T14:42:29","date_gmt":"2016-06-10T14:42:29","guid":{"rendered":"http:\/\/c2.usac.edu.gt\/iumusac\/public_html\/?page_id=310"},"modified":"2024-08-23T10:52:30","modified_gmt":"2024-08-23T16:52:30","slug":"programa-especializado-de-investigacion-en-estudios-de-genero","status":"publish","type":"page","link":"https:\/\/iumusac.usac.edu.gt\/?page_id=310","title":{"rendered":"Programa Universitario de Investigaci\u00f3n en Estudios de G\u00e9nero"},"content":{"rendered":"<h2><strong>L\u00edneas de acci\u00f3n<\/strong><\/h2>\n<h3><strong>Promoci\u00f3n de la Investigaci\u00f3n.<\/strong><\/h3>\n<p>Promover la investigaci\u00f3n multidisciplinaria, te\u00f3rica y aplicada, de los estudios de la mujer, las mujeres, g\u00e9nero y feminismo dentro del SINUSAC, mediante una convocatoria anual a concurso de proyectos de investigaci\u00f3n para cofinanciamiento interno dentro del SINUSAC y en forma permanente y abierta, con la integraci\u00f3n de comisiones espec\u00edficas por \u00e1rea de especialidad para la elaboraci\u00f3n de propuestas interinstitucionales, con el fin de realizar estudios especializados en esta \u00e1rea de investigaci\u00f3n, con cofinanciamiento externo a nivel nacional y con la cooperaci\u00f3n internacional.<\/p>\n<h3><strong>An\u00e1lisis de la realidad de las mujeres guatemaltecas y las relaciones de g\u00e9nero.<\/strong><\/h3>\n<p>An\u00e1lisis permanente de la condici\u00f3n, situaci\u00f3n y posici\u00f3n de las mujeres guatemaltecas y actualizaci\u00f3n de las l\u00edneas prioritarias del Programa Universitario de Investigaci\u00f3n en Estudios de G\u00e9nero dentro del \u00e1rea de Investigaci\u00f3n del IUMUSAC en congruencia con la Pol\u00edtica Nacional de Promoci\u00f3n y Desarrollo de las Mujeres Guatemaltecas y Plan de Equidad de Oportunidades, y dentro del Plan Estrat\u00e9gico USAC 2022 y marco jur\u00eddico nacional e internacional.<\/p>\n<h3><strong>Publicaci\u00f3n y difusi\u00f3n.<\/strong><\/h3>\n<p>De los resultados de la investigaci\u00f3n y los estudios de mujer, las mujeres, g\u00e9nero y feminismo y los conocimientos generados, a diferentes niveles, sectores e instituciones ligados a problemas, que buscan promover las condiciones que favorezcan el desarrollo integral de las mujeres en los grupos y sectores socioculturales, potenciando su plena y equitativa participaci\u00f3n en todos los niveles de las estructuras: social, econ\u00f3mica, pol\u00edtica y cultural guatemalteca.<\/p>\n<ul>\n<li>Avala perfiles de proyectos seg\u00fan las l\u00edneas establecidas en\u00a0Ejes de la Pol\u00edtica y Plan de Equidad de G\u00e9nero en la Educaci\u00f3n Superior y en la\u00a0Agenda universitaria de investigaci\u00f3n en estudios de las mujeres, relaciones de g\u00e9nero y feminismo.<\/li>\n<li>Monitorea y eval\u00faa estudios y proyectos de investigaci\u00f3n avalados por IUMUSAC.<\/li>\n<li>Difusi\u00f3n de resultados de estudios de las mujeres, g\u00e9nero y feminismo.<\/li>\n<\/ul>\n<div class=\"mceTemp\">\n<ul id=\"attachment_349\" class=\"wp-caption alignleft\" style=\"width: 293px;\"><img loading=\"lazy\" decoding=\"async\" class=\" wp-image-349\" src=\"http:\/\/c2.usac.edu.gt\/iumusac\/public_html\/wp-content\/uploads\/2016\/06\/CUNDECH-300x169.jpg\" alt=\"Reuni\u00f3n monitoreo Proyecto Principales obst\u00e1culos socioculturales de las estudiantes kaqchikeles de la USAC en Chimaltenango. CUNDECH 16.6.2016\" width=\"293\" height=\"165\" srcset=\"https:\/\/iumusac.usac.edu.gt\/wp-content\/uploads\/2016\/06\/CUNDECH-300x169.jpg 300w, https:\/\/iumusac.usac.edu.gt\/wp-content\/uploads\/2016\/06\/CUNDECH-768x432.jpg 768w, https:\/\/iumusac.usac.edu.gt\/wp-content\/uploads\/2016\/06\/CUNDECH-1024x576.jpg 1024w, https:\/\/iumusac.usac.edu.gt\/wp-content\/uploads\/2016\/06\/CUNDECH-624x351.jpg 624w, https:\/\/iumusac.usac.edu.gt\/wp-content\/uploads\/2016\/06\/CUNDECH.jpg 1280w\" sizes=\"(max-width: 293px) 100vw, 293px\" \/>Monitoreo Proyecto Principales obst\u00e1culos socioculturales de las estudiantes kaqchikeles de la USAC en Chimaltenango.<\/ul>\n<\/div>\n<div class=\"mceTemp\">\n<ul id=\"attachment_374\" class=\"wp-caption alignright\" style=\"width: 194px;\"><img loading=\"lazy\" decoding=\"async\" class=\"wp-image-374 \" src=\"http:\/\/c2.usac.edu.gt\/iumusac\/public_html\/wp-content\/uploads\/2016\/06\/Presentaci\u00f3n-libro-Carmen-M\u00f3nico-285x300.png\" alt=\"\" width=\"194\" height=\"205\" srcset=\"https:\/\/iumusac.usac.edu.gt\/wp-content\/uploads\/2016\/06\/Presentaci\u00f3n-libro-Carmen-M\u00f3nico-285x300.png 285w, https:\/\/iumusac.usac.edu.gt\/wp-content\/uploads\/2016\/06\/Presentaci\u00f3n-libro-Carmen-M\u00f3nico-624x658.png 624w, https:\/\/iumusac.usac.edu.gt\/wp-content\/uploads\/2016\/06\/Presentaci\u00f3n-libro-Carmen-M\u00f3nico.png 664w\" sizes=\"(max-width: 194px) 100vw, 194px\" \/>Presentaci\u00f3n libro Implicaciones del robo de ni\u00f1as y ni\u00f1os en los sistemas de derechos humanos y bienestar de la ni\u00f1ez de la autora Carmen M\u00f3nico.<\/ul>\n<\/div>\n","protected":false},"excerpt":{"rendered":"<p>L\u00edneas de acci\u00f3n Promoci\u00f3n de la Investigaci\u00f3n. Promover la investigaci\u00f3n multidisciplinaria, te\u00f3rica y aplicada, de los estudios de la mujer, las mujeres, g\u00e9nero y feminismo dentro del SINUSAC, mediante una convocatoria anual a concurso de proyectos de investigaci\u00f3n para cofinanciamiento interno dentro del SINUSAC y en forma permanente y abierta, con la integraci\u00f3n de comisiones [&hellip;]<\/p>\n","protected":false},"author":1,"featured_media":0,"parent":0,"menu_order":0,"comment_status":"closed","ping_status":"closed","template":"","meta":{"footnotes":""},"class_list":["post-310","page","type-page","status-publish","czr-hentry"],"_links":{"self":[{"href":"https:\/\/iumusac.usac.edu.gt\/index.php?rest_route=\/wp\/v2\/pages\/310"}],"collection":[{"href":"https:\/\/iumusac.usac.edu.gt\/index.php?rest_route=\/wp\/v2\/pages"}],"about":[{"href":"https:\/\/iumusac.usac.edu.gt\/index.php?rest_route=\/wp\/v2\/types\/page"}],"author":[{"embeddable":true,"href":"https:\/\/iumusac.usac.edu.gt\/index.php?rest_route=\/wp\/v2\/users\/1"}],"replies":[{"embeddable":true,"href":"https:\/\/iumusac.usac.edu.gt\/index.php?rest_route=%2Fwp%2Fv2%2Fcomments&post=310"}],"version-history":[{"count":10,"href":"https:\/\/iumusac.usac.edu.gt\/index.php?rest_route=\/wp\/v2\/pages\/310\/revisions"}],"predecessor-version":[{"id":1369,"href":"https:\/\/iumusac.usac.edu.gt\/index.php?rest_route=\/wp\/v2\/pages\/310\/revisions\/1369"}],"wp:attachment":[{"href":"https:\/\/iumusac.usac.edu.gt\/index.php?rest_route=%2Fwp%2Fv2%2Fmedia&parent=310"}],"curies":[{"name":"wp","href":"https:\/\/api.w.org\/{rel}","templated":true}]}}