{"id":266,"date":"2016-05-28T21:45:35","date_gmt":"2016-05-28T21:45:35","guid":{"rendered":"http:\/\/c2.usac.edu.gt\/iumusac\/public_html\/?page_id=266"},"modified":"2022-07-09T13:46:45","modified_gmt":"2022-07-09T13:46:45","slug":"catedra-historia-genero-y-educacion-superior","status":"publish","type":"page","link":"https:\/\/iumusac.usac.edu.gt\/?page_id=266","title":{"rendered":"C\u00e1tedra Historia, G\u00e9nero y Educaci\u00f3n Superior"},"content":{"rendered":"<p><strong><img loading=\"lazy\" decoding=\"async\" class=\"alignnone size-medium wp-image-417 alignright\" src=\"http:\/\/c2.usac.edu.gt\/iumusac\/public_html\/wp-content\/uploads\/2016\/05\/portada-225x300.jpeg\" alt=\"portada\" width=\"225\" height=\"300\" srcset=\"https:\/\/iumusac.usac.edu.gt\/wp-content\/uploads\/2016\/05\/portada-225x300.jpeg 225w, https:\/\/iumusac.usac.edu.gt\/wp-content\/uploads\/2016\/05\/portada-768x1024.jpeg 768w, https:\/\/iumusac.usac.edu.gt\/wp-content\/uploads\/2016\/05\/portada-624x832.jpeg 624w, https:\/\/iumusac.usac.edu.gt\/wp-content\/uploads\/2016\/05\/portada.jpeg 960w\" sizes=\"(max-width: 225px) 100vw, 225px\" \/><\/strong><\/p>\n<p>Espacio de formaci\u00f3n acad\u00e9mico extracurricular.<\/p>\n<p><strong>Objetivos<\/strong><\/p>\n<ul>\n<li>Fortalecer la formaci\u00f3n fundamentada en la epistemolog\u00eda feminista para comprender los sistemas de opresi\u00f3n patriarcal y capitalista.<\/li>\n<li>Analizar el devenir hist\u00f3rico de las mujeres en su lucha incesante por una sociedad con justicia y equidad.<\/li>\n<li>Estudiar la problem\u00e1tica, las transgresiones y acciones de transformaci\u00f3n de las mujeres en la educaci\u00f3n superior.<\/li>\n<\/ul>\n<p>&nbsp;<\/p>\n<p>&nbsp;<\/p>\n\n\n<p><strong>A\u00d1O 2019. ACTIVIDADES IUMUSAC<\/strong><\/p>\n\n\n\n<figure class=\"wp-block-image size-large\"><img loading=\"lazy\" decoding=\"async\" width=\"1024\" height=\"1024\" src=\"https:\/\/iumusac.usac.edu.gt\/wp-content\/uploads\/2022\/07\/Catedra-Historia-y-Genero-1024x1024.jpg\" alt=\"\" class=\"wp-image-1194\" srcset=\"https:\/\/iumusac.usac.edu.gt\/wp-content\/uploads\/2022\/07\/Catedra-Historia-y-Genero-1024x1024.jpg 1024w, https:\/\/iumusac.usac.edu.gt\/wp-content\/uploads\/2022\/07\/Catedra-Historia-y-Genero-300x300.jpg 300w, https:\/\/iumusac.usac.edu.gt\/wp-content\/uploads\/2022\/07\/Catedra-Historia-y-Genero-150x150.jpg 150w, https:\/\/iumusac.usac.edu.gt\/wp-content\/uploads\/2022\/07\/Catedra-Historia-y-Genero-768x768.jpg 768w, https:\/\/iumusac.usac.edu.gt\/wp-content\/uploads\/2022\/07\/Catedra-Historia-y-Genero-510x510.jpg 510w, https:\/\/iumusac.usac.edu.gt\/wp-content\/uploads\/2022\/07\/Catedra-Historia-y-Genero.jpg 1200w\" sizes=\"(max-width: 1024px) 100vw, 1024px\" \/><\/figure>\n\n\n\n<p><\/p>\n\n\n\n<p><strong>A\u00d1O 2020. ACTIVIDADES IUMUSAC C\u00e1tedra de Historia, G\u00e9nero y Educaci\u00f3n Superior<\/strong><\/p>\n\n\n\n<p><\/p>\n\n\n\n<p><\/p>\n\n\n\n<figure class=\"wp-block-image size-large\"><img loading=\"lazy\" decoding=\"async\" width=\"724\" height=\"1024\" src=\"https:\/\/iumusac.usac.edu.gt\/wp-content\/uploads\/2022\/07\/Catedra-de-Historia-Genero-y-Educacion-Superior-2020-724x1024.jpg\" alt=\"\" class=\"wp-image-1191\" srcset=\"https:\/\/iumusac.usac.edu.gt\/wp-content\/uploads\/2022\/07\/Catedra-de-Historia-Genero-y-Educacion-Superior-2020-724x1024.jpg 724w, https:\/\/iumusac.usac.edu.gt\/wp-content\/uploads\/2022\/07\/Catedra-de-Historia-Genero-y-Educacion-Superior-2020-212x300.jpg 212w, https:\/\/iumusac.usac.edu.gt\/wp-content\/uploads\/2022\/07\/Catedra-de-Historia-Genero-y-Educacion-Superior-2020-768x1087.jpg 768w, https:\/\/iumusac.usac.edu.gt\/wp-content\/uploads\/2022\/07\/Catedra-de-Historia-Genero-y-Educacion-Superior-2020.jpg 877w\" sizes=\"(max-width: 724px) 100vw, 724px\" \/><\/figure>\n\n\n\n<figure class=\"wp-block-image size-large\"><img loading=\"lazy\" decoding=\"async\" width=\"1024\" height=\"935\" src=\"https:\/\/iumusac.usac.edu.gt\/wp-content\/uploads\/2022\/07\/Catedra-de-Historia-Genero-y-Educacion-Superior-1-1024x935.jpg\" alt=\"\" class=\"wp-image-1193\" srcset=\"https:\/\/iumusac.usac.edu.gt\/wp-content\/uploads\/2022\/07\/Catedra-de-Historia-Genero-y-Educacion-Superior-1-1024x935.jpg 1024w, https:\/\/iumusac.usac.edu.gt\/wp-content\/uploads\/2022\/07\/Catedra-de-Historia-Genero-y-Educacion-Superior-1-300x274.jpg 300w, https:\/\/iumusac.usac.edu.gt\/wp-content\/uploads\/2022\/07\/Catedra-de-Historia-Genero-y-Educacion-Superior-1-768x701.jpg 768w, https:\/\/iumusac.usac.edu.gt\/wp-content\/uploads\/2022\/07\/Catedra-de-Historia-Genero-y-Educacion-Superior-1.jpg 1080w\" sizes=\"(max-width: 1024px) 100vw, 1024px\" \/><\/figure>\n\n\n","protected":false},"excerpt":{"rendered":"<p>Espacio de formaci\u00f3n acad\u00e9mico extracurricular. Objetivos Fortalecer la formaci\u00f3n fundamentada en la epistemolog\u00eda feminista para comprender los sistemas de opresi\u00f3n patriarcal y capitalista. Analizar el devenir hist\u00f3rico de las mujeres en su lucha incesante por una sociedad con justicia y equidad. Estudiar la problem\u00e1tica, las transgresiones y acciones de transformaci\u00f3n de las mujeres en la [&hellip;]<\/p>\n","protected":false},"author":1,"featured_media":0,"parent":57,"menu_order":0,"comment_status":"closed","ping_status":"closed","template":"","meta":{"footnotes":""},"class_list":["post-266","page","type-page","status-publish","czr-hentry"],"_links":{"self":[{"href":"https:\/\/iumusac.usac.edu.gt\/index.php?rest_route=\/wp\/v2\/pages\/266"}],"collection":[{"href":"https:\/\/iumusac.usac.edu.gt\/index.php?rest_route=\/wp\/v2\/pages"}],"about":[{"href":"https:\/\/iumusac.usac.edu.gt\/index.php?rest_route=\/wp\/v2\/types\/page"}],"author":[{"embeddable":true,"href":"https:\/\/iumusac.usac.edu.gt\/index.php?rest_route=\/wp\/v2\/users\/1"}],"replies":[{"embeddable":true,"href":"https:\/\/iumusac.usac.edu.gt\/index.php?rest_route=%2Fwp%2Fv2%2Fcomments&post=266"}],"version-history":[{"count":3,"href":"https:\/\/iumusac.usac.edu.gt\/index.php?rest_route=\/wp\/v2\/pages\/266\/revisions"}],"predecessor-version":[{"id":1195,"href":"https:\/\/iumusac.usac.edu.gt\/index.php?rest_route=\/wp\/v2\/pages\/266\/revisions\/1195"}],"up":[{"embeddable":true,"href":"https:\/\/iumusac.usac.edu.gt\/index.php?rest_route=\/wp\/v2\/pages\/57"}],"wp:attachment":[{"href":"https:\/\/iumusac.usac.edu.gt\/index.php?rest_route=%2Fwp%2Fv2%2Fmedia&parent=266"}],"curies":[{"name":"wp","href":"https:\/\/api.w.org\/{rel}","templated":true}]}}