{"id":169,"date":"2016-05-27T18:50:21","date_gmt":"2016-05-27T18:50:21","guid":{"rendered":"http:\/\/c2.usac.edu.gt\/iumusac\/public_html\/?page_id=169"},"modified":"2024-10-02T19:51:45","modified_gmt":"2024-10-03T01:51:45","slug":"programa-proyeccion-social","status":"publish","type":"page","link":"https:\/\/iumusac.usac.edu.gt\/?page_id=169","title":{"rendered":"Programa Proyecci\u00f3n Social"},"content":{"rendered":"\n<p>Est\u00e1 orientado a contribuir a la soluci\u00f3n de la problem\u00e1tica nacional, con la participaci\u00f3n de equipos multidisciplinarios, en apoyo a las mujeres universitarias y al movimiento de mujeres.<\/p>\n\n\n\n<p class=\"has-large-font-size\"><strong>L\u00edneas de acci\u00f3n<\/strong><\/p>\n\n\n\n<p class=\"has-medium-font-size\"><strong>Vinculaci\u00f3n social<\/strong><\/p>\n\n\n\n<p>Articulaci\u00f3n con el movimiento de mujeres, instituciones gubernamentales y no gubernamentales (a nivel nacional e internacional), para la formulaci\u00f3n, cabildeo, aprobaci\u00f3n, promoci\u00f3n y monitoreo de pol\u00edticas p\u00fablicas a favor de las mujeres guatemaltecas y acciones orientadas al desarrollo integral de las mujeres. Asesor\u00eda y acompa\u00f1amiento acad\u00e9mico al movimiento de mujeres, en el dise\u00f1o e implementaci\u00f3n de programas no formales extracurriculares en la Universidad y la sociedad guatemalteca, por medio de asesor\u00edas y en coordinaci\u00f3n con su programa de Ejercicio Profesional Supervisado y Ejercicio Profesional Supervisado Multiprofesional \u2013EPSUM\u2013.<\/p>\n\n\n\n<p class=\"has-medium-font-size\"><strong>Atenci\u00f3n integral<\/strong><\/p>\n\n\n\n<p>Creaci\u00f3n y promoci\u00f3n de servicios universitarios de atenci\u00f3n a las mujeres (ni\u00f1as, j\u00f3venes, adultas, adultas mayores) en el campo jur\u00eddico, psicol\u00f3gico y social.<\/p>\n\n\n\n<div data-wp-interactive=\"core\/file\" class=\"wp-block-file\"><object data-wp-bind--hidden=\"!state.hasPdfPreview\"  class=\"wp-block-file__embed\" data=\"https:\/\/iumusac.usac.edu.gt\/wp-content\/uploads\/2024\/10\/Experiencia-LENAP-IUMUSAC-enero-2021.pdf\" type=\"application\/pdf\" style=\"width:100%;height:600px\" aria-label=\"Incrustado de Experiencia LENAP-IUMUSAC, enero 2021.\"><\/object><a id=\"wp-block-file--media-f3dafb73-6c08-4b97-b5b8-b876817886fb\" href=\"https:\/\/iumusac.usac.edu.gt\/wp-content\/uploads\/2024\/10\/Experiencia-LENAP-IUMUSAC-enero-2021.pdf\">Experiencia LENAP-IUMUSAC, enero 2021<\/a><a href=\"https:\/\/iumusac.usac.edu.gt\/wp-content\/uploads\/2024\/10\/Experiencia-LENAP-IUMUSAC-enero-2021.pdf\" class=\"wp-block-file__button wp-element-button\" download aria-describedby=\"wp-block-file--media-f3dafb73-6c08-4b97-b5b8-b876817886fb\">Descarga<\/a><\/div>\n\n\n\n<div data-wp-interactive=\"core\/file\" class=\"wp-block-file\"><object data-wp-bind--hidden=\"!state.hasPdfPreview\"  class=\"wp-block-file__embed\" data=\"https:\/\/iumusac.usac.edu.gt\/wp-content\/uploads\/2024\/10\/GUiA-Diplomados-Extension-IUMUSAC.pdf\" type=\"application\/pdf\" style=\"width:100%;height:600px\" aria-label=\"Incrustado de GU\u00efA-Diplomados Extensi\u00f3n-IUMUSAC.\"><\/object><a id=\"wp-block-file--media-7b3c54da-c33a-45e0-9a7b-0320bc8e2c95\" href=\"https:\/\/iumusac.usac.edu.gt\/wp-content\/uploads\/2024\/10\/GUiA-Diplomados-Extension-IUMUSAC.pdf\">GU\u00efA-Diplomados Extensi\u00f3n-IUMUSAC<\/a><a href=\"https:\/\/iumusac.usac.edu.gt\/wp-content\/uploads\/2024\/10\/GUiA-Diplomados-Extension-IUMUSAC.pdf\" class=\"wp-block-file__button wp-element-button\" download aria-describedby=\"wp-block-file--media-7b3c54da-c33a-45e0-9a7b-0320bc8e2c95\">Descarga<\/a><\/div>\n\n\n\n<div data-wp-interactive=\"core\/file\" class=\"wp-block-file\"><object data-wp-bind--hidden=\"!state.hasPdfPreview\"  class=\"wp-block-file__embed\" data=\"https:\/\/iumusac.usac.edu.gt\/wp-content\/uploads\/2024\/10\/Memorias-Webinar-paginas.pdf\" type=\"application\/pdf\" style=\"width:100%;height:600px\" aria-label=\"Incrustado de Memorias Webinar paginas.\"><\/object><a id=\"wp-block-file--media-cb1fbf50-89b8-4166-a9c8-ad2ab257e6e9\" href=\"https:\/\/iumusac.usac.edu.gt\/wp-content\/uploads\/2024\/10\/Memorias-Webinar-paginas.pdf\">Memorias Webinar paginas<\/a><a href=\"https:\/\/iumusac.usac.edu.gt\/wp-content\/uploads\/2024\/10\/Memorias-Webinar-paginas.pdf\" class=\"wp-block-file__button wp-element-button\" download aria-describedby=\"wp-block-file--media-cb1fbf50-89b8-4166-a9c8-ad2ab257e6e9\">Descarga<\/a><\/div>\n\n\n<p>&nbsp;<\/p>\n<figure id=\"attachment_397\" aria-describedby=\"caption-attachment-397\" style=\"width: 300px\" class=\"wp-caption alignleft\"><img loading=\"lazy\" decoding=\"async\" class=\"size-medium wp-image-397\" src=\"http:\/\/c2.usac.edu.gt\/iumusac\/public_html\/wp-content\/uploads\/2016\/05\/Diplomado-con-lideresas-FGT-Solol\u00e1-300x176.jpg\" alt=\"Lideresas participantes en Diplomado organizado por Fundaci\u00f3n Guillermo Toriello (Solol\u00e1) con aval IUMUSAC.\" width=\"300\" height=\"176\" srcset=\"https:\/\/iumusac.usac.edu.gt\/wp-content\/uploads\/2016\/05\/Diplomado-con-lideresas-FGT-Solol\u00e1-300x176.jpg 300w, https:\/\/iumusac.usac.edu.gt\/wp-content\/uploads\/2016\/05\/Diplomado-con-lideresas-FGT-Solol\u00e1.jpg 513w\" sizes=\"(max-width: 300px) 100vw, 300px\" \/><figcaption id=\"caption-attachment-397\" class=\"wp-caption-text\">Lideresas participantes en Diplomado organizado por Fundaci\u00f3n Guillermo Toriello (Solol\u00e1) con aval IUMUSAC.<\/figcaption><\/figure>\n<p>&nbsp;<\/p>\n<p><span class=\"text_exposed_show\">Aval acad\u00e9mico a cursos y diplom<\/span><span class=\"text_exposed_show\">ados con enfoque de g\u00e9nero dirigido a mujeres en diferentes regiones del pa\u00eds.<\/span><\/p>\n<p>&nbsp;<\/p>\n<p>&nbsp;<\/p>\n<p>&nbsp;<\/p>\n<p><a href=\"https:\/\/iumusac.usac.edu.gt\/wp-content\/uploads\/2016\/05\/Guia-Diplomados-IUMUSAC.pdf\" rel=\"\">Guia criterios de aval acad\u00e9mico de Diplomados<\/a><\/p>\n<p><img loading=\"lazy\" decoding=\"async\" class=\" wp-image-402 alignleft\" src=\"http:\/\/c2.usac.edu.gt\/iumusac\/public_html\/wp-content\/uploads\/2016\/05\/Logo-Programa-Universidad-Libre-y-Segura-300x234.jpg\" alt=\"Logo Programa Universidad Libre y Segura\" width=\"303\" height=\"236\" srcset=\"https:\/\/iumusac.usac.edu.gt\/wp-content\/uploads\/2016\/05\/Logo-Programa-Universidad-Libre-y-Segura-300x234.jpg 300w, https:\/\/iumusac.usac.edu.gt\/wp-content\/uploads\/2016\/05\/Logo-Programa-Universidad-Libre-y-Segura-624x487.jpg 624w, https:\/\/iumusac.usac.edu.gt\/wp-content\/uploads\/2016\/05\/Logo-Programa-Universidad-Libre-y-Segura.jpg 753w\" sizes=\"(max-width: 303px) 100vw, 303px\" \/><\/p>\n<p>&nbsp;<\/p>\n<p>&nbsp;<\/p>\n<p><span class=\"text_exposed_show\">Coordinaci\u00f3n a lo interno de la USAC para promover programas y acciones de atenci\u00f3n a las mujeres universitarias.<\/span><\/p>\n<p>&nbsp;<\/p>\n<p>&nbsp;<\/p>\n<figure id=\"attachment_395\" aria-describedby=\"caption-attachment-395\" style=\"width: 300px\" class=\"wp-caption alignleft\"><img loading=\"lazy\" decoding=\"async\" class=\"size-medium wp-image-395\" src=\"http:\/\/c2.usac.edu.gt\/iumusac\/public_html\/wp-content\/uploads\/2016\/05\/Beijing-2015-New-York-300x225.jpg\" alt=\"59 Reuni\u00f3n Comisi\u00f3n Condici\u00f3n Jur\u00eddica y Social de la Mujer (Naciones Unidas).\" width=\"300\" height=\"225\" srcset=\"https:\/\/iumusac.usac.edu.gt\/wp-content\/uploads\/2016\/05\/Beijing-2015-New-York-300x225.jpg 300w, https:\/\/iumusac.usac.edu.gt\/wp-content\/uploads\/2016\/05\/Beijing-2015-New-York-768x576.jpg 768w, https:\/\/iumusac.usac.edu.gt\/wp-content\/uploads\/2016\/05\/Beijing-2015-New-York-1024x768.jpg 1024w, https:\/\/iumusac.usac.edu.gt\/wp-content\/uploads\/2016\/05\/Beijing-2015-New-York-624x468.jpg 624w, https:\/\/iumusac.usac.edu.gt\/wp-content\/uploads\/2016\/05\/Beijing-2015-New-York-240x180.jpg 240w\" sizes=\"(max-width: 300px) 100vw, 300px\" \/><figcaption id=\"caption-attachment-395\" class=\"wp-caption-text\">59 Reuni\u00f3n Comisi\u00f3n Condici\u00f3n Jur\u00eddica y Social de la Mujer (New York, Naciones Unidas).<\/figcaption><\/figure>\n<p>&nbsp;<\/p>\n<p><span class=\"text_exposed_show\">A<\/span><span class=\"text_exposed_show\">rticulaci\u00f3n con el movimiento de mujeres, instituciones gubernamentales y organismos internacionales por pol\u00edticas p\u00fablicas y acciones a favor del desarrollo integral de las mujeres.<\/span><\/p>\n<p>&nbsp;<\/p>\n<p>&nbsp;<\/p>\n<p>&nbsp;<\/p>\n<p>&nbsp;<\/p>\n<p>&nbsp;<\/p>\n<p>&nbsp;<\/p>","protected":false},"excerpt":{"rendered":"<p>Est\u00e1 orientado a contribuir a la soluci\u00f3n de la problem\u00e1tica nacional, con la participaci\u00f3n de equipos multidisciplinarios, en apoyo a las mujeres universitarias y al movimiento de mujeres. L\u00edneas de acci\u00f3n Vinculaci\u00f3n social Articulaci\u00f3n con el movimiento de mujeres, instituciones gubernamentales y no gubernamentales (a nivel nacional e internacional), para la formulaci\u00f3n, cabildeo, aprobaci\u00f3n, promoci\u00f3n [&hellip;]<\/p>\n","protected":false},"author":1,"featured_media":0,"parent":52,"menu_order":0,"comment_status":"closed","ping_status":"closed","template":"","meta":{"footnotes":""},"class_list":["post-169","page","type-page","status-publish","czr-hentry"],"_links":{"self":[{"href":"https:\/\/iumusac.usac.edu.gt\/index.php?rest_route=\/wp\/v2\/pages\/169"}],"collection":[{"href":"https:\/\/iumusac.usac.edu.gt\/index.php?rest_route=\/wp\/v2\/pages"}],"about":[{"href":"https:\/\/iumusac.usac.edu.gt\/index.php?rest_route=\/wp\/v2\/types\/page"}],"author":[{"embeddable":true,"href":"https:\/\/iumusac.usac.edu.gt\/index.php?rest_route=\/wp\/v2\/users\/1"}],"replies":[{"embeddable":true,"href":"https:\/\/iumusac.usac.edu.gt\/index.php?rest_route=%2Fwp%2Fv2%2Fcomments&post=169"}],"version-history":[{"count":13,"href":"https:\/\/iumusac.usac.edu.gt\/index.php?rest_route=\/wp\/v2\/pages\/169\/revisions"}],"predecessor-version":[{"id":1531,"href":"https:\/\/iumusac.usac.edu.gt\/index.php?rest_route=\/wp\/v2\/pages\/169\/revisions\/1531"}],"up":[{"embeddable":true,"href":"https:\/\/iumusac.usac.edu.gt\/index.php?rest_route=\/wp\/v2\/pages\/52"}],"wp:attachment":[{"href":"https:\/\/iumusac.usac.edu.gt\/index.php?rest_route=%2Fwp%2Fv2%2Fmedia&parent=169"}],"curies":[{"name":"wp","href":"https:\/\/api.w.org\/{rel}","templated":true}]}}