{"id":167,"date":"2016-05-27T18:49:47","date_gmt":"2016-05-27T18:49:47","guid":{"rendered":"http:\/\/c2.usac.edu.gt\/iumusac\/public_html\/?page_id=167"},"modified":"2024-10-02T19:44:49","modified_gmt":"2024-10-03T01:44:49","slug":"programa-desarrollo-cultural","status":"publish","type":"page","link":"https:\/\/iumusac.usac.edu.gt\/?page_id=167","title":{"rendered":"Programa Desarrollo Cultural"},"content":{"rendered":"\n<p>Pretende conservar, formar, estimular y divulgar el conocimiento y la producci\u00f3n cultural de las mujeres, en todas sus expresiones. Es adem\u00e1s un programa destinado a mejorar la posici\u00f3n de las mujeres, dentro de la universidad y a promover relaciones equitativas entre g\u00e9neros.<\/p>\n\n\n\n<p class=\"has-large-font-size\"><strong>L\u00edneas de acci\u00f3n<\/strong><\/p>\n\n\n\n<p class=\"has-medium-font-size\"><strong>Promoci\u00f3n acad\u00e9mica<\/strong> <\/p>\n\n\n\n<p>Documentaci\u00f3n, visibilizaci\u00f3n y valoraci\u00f3n de los aportes de las mujeres universitarias a nivel social, human\u00edstico y cient\u00edfico a trav\u00e9s de:<\/p>\n\n\n\n<ul class=\"wp-block-list\">\n<li><strong>Reconocimientos, adhesiones y aval a propuestas de mujeres universitarias destacadas<\/strong>. Para asignarles premios, acceder a becas, promoci\u00f3n, reconocimientos, etc.<\/li>\n\n\n\n<li><strong>Publicaciones. <\/strong>De car\u00e1cter cient\u00edfico sobre estudios de la mujer, las muestras de genero y feminismo, realizados por mujeres y equipos de investigacion de unidades acad\u00e9micas y centros regionales de la USAC. Coedici\u00f3n con organizaciones de mujeres, organismos gubernamentales y organismos internacionales a favor del desarrollo de las mujeres.<\/li>\n\n\n\n<li><strong>Arte.<\/strong> Acciones para impulsar las diferentes expresiones art\u00edsticas y literarias de las mujeres universitarias y del movimiento de mujeres. Realizaci\u00f3n de festivales alrededor de conmemoraciones significativas para las mujeres.<\/li>\n<\/ul>\n\n\n\n<p class=\"has-medium-font-size\"><strong>Participaci\u00f3n pol\u00edtica.<\/strong> <\/p>\n\n\n\n<p>Empoderamiento de las mujeres universitarias para el ejercicio de sus derechos humanos, la incorporaci\u00f3n de la perspectiva de g\u00e9nero, alianzas estrat\u00e9gicas, su acceso a los espacios de toma de decisi\u00f3n y la generaci\u00f3n de pol\u00edticas universitarias a su favor a trav\u00e9s de:<\/p>\n\n\n\n<ul class=\"wp-block-list\">\n<li><strong>Acciones afirmativas<\/strong>. Orientadas a la b\u00fasqueda de la igualdad, la erradicaci\u00f3n de la discriminaci\u00f3n, exige pol\u00edticas que traten desigualmente a quienes no son iguales, para as\u00ed apoyar a quienes son menos favorecidos y as\u00ed disminuir distancias pol\u00edticas, econ\u00f3micas, culturales y sociales entre los miembros de la sociedad. Incluyen acciones de discriminaci\u00f3n positiva derivada de dos hechos en primer lugar, estas medidas se aplican a colectivos sociales concretos, cuyas caracter\u00edsticas m\u00e1s evidentes es la de ser inmodificable por los individuos que la portan.\n<ul class=\"wp-block-list\">\n<li><strong>Becas<\/strong> para mujeres de sectores vulnerables (ind\u00edgenas, con capacidades especiales, madres solas, pobres, rurales, etc.) en base a una pol\u00edtica previamente establecida.<\/li>\n\n\n\n<li><strong>Pol\u00edticas de cuotas en puestos<\/strong> de elecci\u00f3n docente, estudiantil y administrativo.<\/li>\n<\/ul>\n<\/li>\n\n\n\n<li><strong>Potenciaci\u00f3n de liderazgos.<\/strong> Diagn\u00f3sticos para ubicar y documentar las realidades de las lideresas y espacios de confluencia de mujeres universitarias, para crear y fortalecer sus propuestas y capacidades organizativas, as\u00ed como formaci\u00f3n pol\u00edtica.<\/li>\n\n\n\n<li><strong>Incidencia pol\u00edtica.<\/strong> Creaci\u00f3n de la pol\u00edtica de g\u00e9nero, rectora de la Universidad de San Carlos de Guatemala. Implica acciones de cabildeo, negociaci\u00f3n, movilizaci\u00f3n social y alianzas con diferentes actoras\/es universitarios para implementar la pol\u00edtica de g\u00e9nero a nivel universitario<\/li>\n<\/ul>\n\n\n\n<figure class=\"wp-block-image size-full is-style-default\"><img loading=\"lazy\" decoding=\"async\" width=\"960\" height=\"720\" src=\"https:\/\/iumusac.usac.edu.gt\/wp-content\/uploads\/2024\/10\/Exposicion-fotografica-portada-2019.jpg\" alt=\"\" class=\"wp-image-1517\" srcset=\"https:\/\/iumusac.usac.edu.gt\/wp-content\/uploads\/2024\/10\/Exposicion-fotografica-portada-2019.jpg 960w, https:\/\/iumusac.usac.edu.gt\/wp-content\/uploads\/2024\/10\/Exposicion-fotografica-portada-2019-300x225.jpg 300w, https:\/\/iumusac.usac.edu.gt\/wp-content\/uploads\/2024\/10\/Exposicion-fotografica-portada-2019-768x576.jpg 768w\" sizes=\"(max-width: 960px) 100vw, 960px\" \/><figcaption class=\"wp-element-caption\">Portada, exposici\u00f3n fotogr\u00e1fica \u201cPrecursoras en educaci\u00f3n superior: una mirada hist\u00f3rica\u201d 2019.<\/figcaption><\/figure>\n\n\n\n<figure class=\"wp-block-image size-full\"><img loading=\"lazy\" decoding=\"async\" width=\"960\" height=\"720\" src=\"https:\/\/iumusac.usac.edu.gt\/wp-content\/uploads\/2024\/10\/Exposicion-fotografica-presentacion-2019.jpg\" alt=\"\" class=\"wp-image-1519\" srcset=\"https:\/\/iumusac.usac.edu.gt\/wp-content\/uploads\/2024\/10\/Exposicion-fotografica-presentacion-2019.jpg 960w, https:\/\/iumusac.usac.edu.gt\/wp-content\/uploads\/2024\/10\/Exposicion-fotografica-presentacion-2019-300x225.jpg 300w, https:\/\/iumusac.usac.edu.gt\/wp-content\/uploads\/2024\/10\/Exposicion-fotografica-presentacion-2019-768x576.jpg 768w\" sizes=\"(max-width: 960px) 100vw, 960px\" \/><figcaption class=\"wp-element-caption\">Presentaci\u00f3n, exposici\u00f3n fotogr\u00e1fica \u201cPrecursoras en educaci\u00f3n superior: una mirada hist\u00f3rica\u201d, 2019.<\/figcaption><\/figure>\n\n\n\n<figure class=\"wp-block-gallery has-nested-images columns-default is-cropped wp-block-gallery-1 is-layout-flex wp-block-gallery-is-layout-flex\">\n<figure class=\"wp-block-image size-large\"><img loading=\"lazy\" decoding=\"async\" width=\"1024\" height=\"791\" data-id=\"1520\" src=\"https:\/\/iumusac.usac.edu.gt\/wp-content\/uploads\/2024\/10\/trifoliar-exposicion-fotografica-2019-1024x791.jpg\" alt=\"\" class=\"wp-image-1520\" srcset=\"https:\/\/iumusac.usac.edu.gt\/wp-content\/uploads\/2024\/10\/trifoliar-exposicion-fotografica-2019-1024x791.jpg 1024w, https:\/\/iumusac.usac.edu.gt\/wp-content\/uploads\/2024\/10\/trifoliar-exposicion-fotografica-2019-300x232.jpg 300w, https:\/\/iumusac.usac.edu.gt\/wp-content\/uploads\/2024\/10\/trifoliar-exposicion-fotografica-2019-768x593.jpg 768w, https:\/\/iumusac.usac.edu.gt\/wp-content\/uploads\/2024\/10\/trifoliar-exposicion-fotografica-2019-1536x1187.jpg 1536w, https:\/\/iumusac.usac.edu.gt\/wp-content\/uploads\/2024\/10\/trifoliar-exposicion-fotografica-2019.jpg 1650w\" sizes=\"(max-width: 1024px) 100vw, 1024px\" \/><\/figure>\n\n\n\n<figure class=\"wp-block-image size-large\"><img loading=\"lazy\" decoding=\"async\" width=\"1024\" height=\"791\" data-id=\"1521\" src=\"https:\/\/iumusac.usac.edu.gt\/wp-content\/uploads\/2024\/10\/TRIFOLIAR-exposicion-fotografica-2019-FINAL-2-1024x791.jpg\" alt=\"\" class=\"wp-image-1521\" srcset=\"https:\/\/iumusac.usac.edu.gt\/wp-content\/uploads\/2024\/10\/TRIFOLIAR-exposicion-fotografica-2019-FINAL-2-1024x791.jpg 1024w, https:\/\/iumusac.usac.edu.gt\/wp-content\/uploads\/2024\/10\/TRIFOLIAR-exposicion-fotografica-2019-FINAL-2-300x232.jpg 300w, https:\/\/iumusac.usac.edu.gt\/wp-content\/uploads\/2024\/10\/TRIFOLIAR-exposicion-fotografica-2019-FINAL-2-768x593.jpg 768w, https:\/\/iumusac.usac.edu.gt\/wp-content\/uploads\/2024\/10\/TRIFOLIAR-exposicion-fotografica-2019-FINAL-2-1536x1187.jpg 1536w, https:\/\/iumusac.usac.edu.gt\/wp-content\/uploads\/2024\/10\/TRIFOLIAR-exposicion-fotografica-2019-FINAL-2.jpg 1650w\" sizes=\"(max-width: 1024px) 100vw, 1024px\" \/><\/figure>\n<\/figure>\n\n\n\n<p>Trifoliar exposici\u00f3n fotogr\u00e1fica \u201cPrecursoras en educaci\u00f3n superior: una mirada hist\u00f3rica\u201d 2019<\/p>\n\n\n\n<div data-wp-interactive=\"core\/file\" class=\"wp-block-file\"><object data-wp-bind--hidden=\"!state.hasPdfPreview\"  class=\"wp-block-file__embed\" data=\"https:\/\/iumusac.usac.edu.gt\/wp-content\/uploads\/2024\/10\/Guatemaltecas-destacadas-en-2021.pdf\" type=\"application\/pdf\" style=\"width:100%;height:600px\" aria-label=\"Incrustado de Guatemaltecas destacadas en 2021.\"><\/object><a id=\"wp-block-file--media-5519c933-67ce-4b5f-a946-68ea09b66c60\" href=\"https:\/\/iumusac.usac.edu.gt\/wp-content\/uploads\/2024\/10\/Guatemaltecas-destacadas-en-2021.pdf\">Guatemaltecas destacadas en 2021<\/a><a href=\"https:\/\/iumusac.usac.edu.gt\/wp-content\/uploads\/2024\/10\/Guatemaltecas-destacadas-en-2021.pdf\" class=\"wp-block-file__button wp-element-button\" download aria-describedby=\"wp-block-file--media-5519c933-67ce-4b5f-a946-68ea09b66c60\">Descarga<\/a><\/div>\n\n\n\n<div data-wp-interactive=\"core\/file\" class=\"wp-block-file\"><object data-wp-bind--hidden=\"!state.hasPdfPreview\"  class=\"wp-block-file__embed\" data=\"https:\/\/iumusac.usac.edu.gt\/wp-content\/uploads\/2024\/10\/Exposicion-Mujeres-arte-y-educacion-superior.pdf\" type=\"application\/pdf\" style=\"width:100%;height:600px\" aria-label=\"Incrustado de Exposici\u00f3n Mujeres, arte y educaci\u00f3n superior.\"><\/object><a id=\"wp-block-file--media-9091b211-e98c-4266-989f-0072d7512e90\" href=\"https:\/\/iumusac.usac.edu.gt\/wp-content\/uploads\/2024\/10\/Exposicion-Mujeres-arte-y-educacion-superior.pdf\">Exposici\u00f3n Mujeres, arte y educaci\u00f3n superior<\/a><a href=\"https:\/\/iumusac.usac.edu.gt\/wp-content\/uploads\/2024\/10\/Exposicion-Mujeres-arte-y-educacion-superior.pdf\" class=\"wp-block-file__button wp-element-button\" download aria-describedby=\"wp-block-file--media-9091b211-e98c-4266-989f-0072d7512e90\">Descarga<\/a><\/div>\n\n\n\n<div class=\"wp-block-query is-layout-flow wp-block-query-is-layout-flow\"><\/div>\n\n\n<p><span class=\"text_exposed_show\">\u00a0\u00a0\u00a0Organizaci\u00f3n anual\u00a0Congreso de Mujeres Universitarias.<\/span><\/p>\n<p><span class=\"text_exposed_show\"><img loading=\"lazy\" decoding=\"async\" class=\"wp-image-86 alignleft\" src=\"http:\/\/c2.usac.edu.gt\/iumusac\/public_html\/wp-content\/uploads\/2016\/03\/CD-Mujeres-y-migraci\u00a6n-295x300.jpg\" alt=\"CD Mujeres y migraci+\u00a6n\" width=\"232\" height=\"236\" srcset=\"https:\/\/iumusac.usac.edu.gt\/wp-content\/uploads\/2016\/03\/CD-Mujeres-y-migraci\u00a6n-295x300.jpg 295w, https:\/\/iumusac.usac.edu.gt\/wp-content\/uploads\/2016\/03\/CD-Mujeres-y-migraci\u00a6n-768x782.jpg 768w, https:\/\/iumusac.usac.edu.gt\/wp-content\/uploads\/2016\/03\/CD-Mujeres-y-migraci\u00a6n-624x636.jpg 624w, https:\/\/iumusac.usac.edu.gt\/wp-content\/uploads\/2016\/03\/CD-Mujeres-y-migraci\u00a6n-60x60.jpg 60w, https:\/\/iumusac.usac.edu.gt\/wp-content\/uploads\/2016\/03\/CD-Mujeres-y-migraci\u00a6n.jpg 968w\" sizes=\"(max-width: 232px) 100vw, 232px\" \/><br \/><\/span><\/p>\n<p><span class=\"text_exposed_show\">Promoci\u00f3n y\/o coedici\u00f3n de producciones acad\u00e9micas y literarias <\/span><span class=\"text_exposed_show\">realizadas por mujeres universitarias desde el enfoque de g\u00e9nero.<\/span><\/p>\n<figure id=\"attachment_388\" aria-describedby=\"caption-attachment-388\" style=\"width: 300px\" class=\"wp-caption alignleft\"><img loading=\"lazy\" decoding=\"async\" class=\"wp-image-388 size-medium\" src=\"http:\/\/c2.usac.edu.gt\/iumusac\/public_html\/wp-content\/uploads\/2016\/05\/Reconocimientos-estudiantes-destacadas-Isabel-Loaiza-300x225.jpg\" alt=\"Reconocimiento Ysabel de Loaiza a estudiantes becadas destacadas.\" width=\"300\" height=\"225\" srcset=\"https:\/\/iumusac.usac.edu.gt\/wp-content\/uploads\/2016\/05\/Reconocimientos-estudiantes-destacadas-Isabel-Loaiza-300x225.jpg 300w, https:\/\/iumusac.usac.edu.gt\/wp-content\/uploads\/2016\/05\/Reconocimientos-estudiantes-destacadas-Isabel-Loaiza-768x576.jpg 768w, https:\/\/iumusac.usac.edu.gt\/wp-content\/uploads\/2016\/05\/Reconocimientos-estudiantes-destacadas-Isabel-Loaiza-1024x768.jpg 1024w, https:\/\/iumusac.usac.edu.gt\/wp-content\/uploads\/2016\/05\/Reconocimientos-estudiantes-destacadas-Isabel-Loaiza-624x468.jpg 624w, https:\/\/iumusac.usac.edu.gt\/wp-content\/uploads\/2016\/05\/Reconocimientos-estudiantes-destacadas-Isabel-Loaiza-240x180.jpg 240w\" sizes=\"(max-width: 300px) 100vw, 300px\" \/><figcaption id=\"caption-attachment-388\" class=\"wp-caption-text\">Reconocimiento Ysabel de Loaiza a estudiantes becadas destacadas por su rendimiento acad\u00e9mico.<\/figcaption><\/figure>\n<p><span class=\"text_exposed_show\">Adhesiones y aval a propuestas de mujeres universitarias destacadas para asignarles premios, becas y\/o reconocimientos.<\/span><\/p>\n<p><span class=\"text_exposed_show\"><img loading=\"lazy\" decoding=\"async\" class=\"wp-image-390 alignleft\" src=\"http:\/\/c2.usac.edu.gt\/iumusac\/public_html\/wp-content\/uploads\/2016\/05\/Expo-pinturas-mujeres-300x225.jpg\" alt=\"Expo pinturas mujeres\" width=\"308\" height=\"231\" srcset=\"https:\/\/iumusac.usac.edu.gt\/wp-content\/uploads\/2016\/05\/Expo-pinturas-mujeres-300x225.jpg 300w, https:\/\/iumusac.usac.edu.gt\/wp-content\/uploads\/2016\/05\/Expo-pinturas-mujeres-768x576.jpg 768w, https:\/\/iumusac.usac.edu.gt\/wp-content\/uploads\/2016\/05\/Expo-pinturas-mujeres-1024x768.jpg 1024w, https:\/\/iumusac.usac.edu.gt\/wp-content\/uploads\/2016\/05\/Expo-pinturas-mujeres-624x468.jpg 624w, https:\/\/iumusac.usac.edu.gt\/wp-content\/uploads\/2016\/05\/Expo-pinturas-mujeres-240x180.jpg 240w\" sizes=\"(max-width: 308px) 100vw, 308px\" \/><br \/><\/span><\/p>\n<p><span class=\"text_exposed_show\">Actividades art\u00edsticas en fechas conmemorativas sobre los derechos humanos de las mujeres.<\/span><\/p>","protected":false},"excerpt":{"rendered":"<p>Pretende conservar, formar, estimular y divulgar el conocimiento y la producci\u00f3n cultural de las mujeres, en todas sus expresiones. Es adem\u00e1s un programa destinado a mejorar la posici\u00f3n de las mujeres, dentro de la universidad y a promover relaciones equitativas entre g\u00e9neros. L\u00edneas de acci\u00f3n Promoci\u00f3n acad\u00e9mica Documentaci\u00f3n, visibilizaci\u00f3n y valoraci\u00f3n de los aportes de [&hellip;]<\/p>\n","protected":false},"author":1,"featured_media":0,"parent":52,"menu_order":0,"comment_status":"closed","ping_status":"closed","template":"","meta":{"footnotes":""},"class_list":["post-167","page","type-page","status-publish","czr-hentry"],"_links":{"self":[{"href":"https:\/\/iumusac.usac.edu.gt\/index.php?rest_route=\/wp\/v2\/pages\/167"}],"collection":[{"href":"https:\/\/iumusac.usac.edu.gt\/index.php?rest_route=\/wp\/v2\/pages"}],"about":[{"href":"https:\/\/iumusac.usac.edu.gt\/index.php?rest_route=\/wp\/v2\/types\/page"}],"author":[{"embeddable":true,"href":"https:\/\/iumusac.usac.edu.gt\/index.php?rest_route=\/wp\/v2\/users\/1"}],"replies":[{"embeddable":true,"href":"https:\/\/iumusac.usac.edu.gt\/index.php?rest_route=%2Fwp%2Fv2%2Fcomments&post=167"}],"version-history":[{"count":8,"href":"https:\/\/iumusac.usac.edu.gt\/index.php?rest_route=\/wp\/v2\/pages\/167\/revisions"}],"predecessor-version":[{"id":1524,"href":"https:\/\/iumusac.usac.edu.gt\/index.php?rest_route=\/wp\/v2\/pages\/167\/revisions\/1524"}],"up":[{"embeddable":true,"href":"https:\/\/iumusac.usac.edu.gt\/index.php?rest_route=\/wp\/v2\/pages\/52"}],"wp:attachment":[{"href":"https:\/\/iumusac.usac.edu.gt\/index.php?rest_route=%2Fwp%2Fv2%2Fmedia&parent=167"}],"curies":[{"name":"wp","href":"https:\/\/api.w.org\/{rel}","templated":true}]}}