{"id":165,"date":"2016-05-27T18:49:29","date_gmt":"2016-05-27T18:49:29","guid":{"rendered":"http:\/\/c2.usac.edu.gt\/iumusac\/public_html\/?page_id=165"},"modified":"2020-02-05T17:13:49","modified_gmt":"2020-02-05T17:13:49","slug":"programa-de-comunicacion","status":"publish","type":"page","link":"https:\/\/iumusac.usac.edu.gt\/?page_id=165","title":{"rendered":"PROGRAMA RADIAL DE MUJERES Y UNIVERSIDAD"},"content":{"rendered":"\n<p style=\"background-color:#8300a3;color:#ffffff\" class=\"has-text-color has-background\"><strong>Programa Radial<\/strong><\/p>\n\n\n<p style=\"text-align: left;\"><img loading=\"lazy\" decoding=\"async\" class=\" wp-image-517 alignleft\" src=\"https:\/\/iumusac.usac.edu.gt\/wp-content\/uploads\/2016\/05\/1-300x251.jpg\" alt=\"1\" width=\"292\" height=\"244\" srcset=\"https:\/\/iumusac.usac.edu.gt\/wp-content\/uploads\/2016\/05\/1-300x251.jpg 300w, https:\/\/iumusac.usac.edu.gt\/wp-content\/uploads\/2016\/05\/1-768x644.jpg 768w, https:\/\/iumusac.usac.edu.gt\/wp-content\/uploads\/2016\/05\/1-624x523.jpg 624w, https:\/\/iumusac.usac.edu.gt\/wp-content\/uploads\/2016\/05\/1.jpg 940w\" sizes=\"(max-width: 292px) 100vw, 292px\" \/>Radiorevista semanal creada julio 5 de 2006.<\/p>\n<p style=\"text-align: left;\">Visibiliza la participaci\u00f3n y aportes de las mujeres universitarias por una sociedad con equidad de g\u00e9nero.<\/p>\n<p style=\"text-align: left;\"><b><i>Transmisi\u00f3n en directo:&nbsp;<\/i><\/b>martes 10.00 a 11.00 por Radio Universidad 92.1FM www.radiousac.tk<\/p>\n<p style=\"text-align: left;\">Los programas tambi\u00e9n pueden escucharse en diferido en el sitio de ivoox.<\/p>\n<p><\/p>","protected":false},"excerpt":{"rendered":"<p>Programa Radial Radiorevista semanal creada julio 5 de 2006. Visibiliza la participaci\u00f3n y aportes de las mujeres universitarias por una sociedad con equidad de g\u00e9nero. Transmisi\u00f3n en directo:&nbsp;martes 10.00 a 11.00 por Radio Universidad 92.1FM www.radiousac.tk Los programas tambi\u00e9n pueden escucharse en diferido en el sitio de ivoox.<\/p>\n","protected":false},"author":1,"featured_media":0,"parent":52,"menu_order":0,"comment_status":"closed","ping_status":"closed","template":"","meta":{"footnotes":""},"class_list":["post-165","page","type-page","status-publish","czr-hentry"],"_links":{"self":[{"href":"https:\/\/iumusac.usac.edu.gt\/index.php?rest_route=\/wp\/v2\/pages\/165"}],"collection":[{"href":"https:\/\/iumusac.usac.edu.gt\/index.php?rest_route=\/wp\/v2\/pages"}],"about":[{"href":"https:\/\/iumusac.usac.edu.gt\/index.php?rest_route=\/wp\/v2\/types\/page"}],"author":[{"embeddable":true,"href":"https:\/\/iumusac.usac.edu.gt\/index.php?rest_route=\/wp\/v2\/users\/1"}],"replies":[{"embeddable":true,"href":"https:\/\/iumusac.usac.edu.gt\/index.php?rest_route=%2Fwp%2Fv2%2Fcomments&post=165"}],"version-history":[{"count":6,"href":"https:\/\/iumusac.usac.edu.gt\/index.php?rest_route=\/wp\/v2\/pages\/165\/revisions"}],"predecessor-version":[{"id":865,"href":"https:\/\/iumusac.usac.edu.gt\/index.php?rest_route=\/wp\/v2\/pages\/165\/revisions\/865"}],"up":[{"embeddable":true,"href":"https:\/\/iumusac.usac.edu.gt\/index.php?rest_route=\/wp\/v2\/pages\/52"}],"wp:attachment":[{"href":"https:\/\/iumusac.usac.edu.gt\/index.php?rest_route=%2Fwp%2Fv2%2Fmedia&parent=165"}],"curies":[{"name":"wp","href":"https:\/\/api.w.org\/{rel}","templated":true}]}}