{"id":158,"date":"2016-05-27T18:47:51","date_gmt":"2016-05-27T18:47:51","guid":{"rendered":"http:\/\/c2.usac.edu.gt\/iumusac\/public_html\/?page_id=158"},"modified":"2022-07-09T13:58:29","modified_gmt":"2022-07-09T13:58:29","slug":"programa-centro-documentacion-fem","status":"publish","type":"page","link":"https:\/\/iumusac.usac.edu.gt\/?page_id=158","title":{"rendered":"C\u00e1tedra Mujeres Gar\u00edfunas y Afrodescendientes"},"content":{"rendered":"<p><strong>Objetivos<\/strong><\/p>\n<ul>\n<li>Enriquecer la filosof\u00eda y curr\u00edcula de la <img loading=\"lazy\" decoding=\"async\" class=\" wp-image-368 alignright\" src=\"http:\/\/c2.usac.edu.gt\/iumusac\/public_html\/wp-content\/uploads\/2016\/05\/C\u00e1tedra-Mujeres-Gar\u00edfunas-y-Afrodescendientes-Marco-Acad\u00e9mico-218x300.jpg\" alt=\"C\u00e1tedra Mujeres Gar\u00edfunas y Afrodescendientes Marco Acad\u00e9mico\" width=\"193\" height=\"266\" srcset=\"https:\/\/iumusac.usac.edu.gt\/wp-content\/uploads\/2016\/05\/C\u00e1tedra-Mujeres-Gar\u00edfunas-y-Afrodescendientes-Marco-Acad\u00e9mico-218x300.jpg 218w, https:\/\/iumusac.usac.edu.gt\/wp-content\/uploads\/2016\/05\/C\u00e1tedra-Mujeres-Gar\u00edfunas-y-Afrodescendientes-Marco-Acad\u00e9mico-768x1056.jpg 768w, https:\/\/iumusac.usac.edu.gt\/wp-content\/uploads\/2016\/05\/C\u00e1tedra-Mujeres-Gar\u00edfunas-y-Afrodescendientes-Marco-Acad\u00e9mico-745x1024.jpg 745w, https:\/\/iumusac.usac.edu.gt\/wp-content\/uploads\/2016\/05\/C\u00e1tedra-Mujeres-Gar\u00edfunas-y-Afrodescendientes-Marco-Acad\u00e9mico-624x858.jpg 624w, https:\/\/iumusac.usac.edu.gt\/wp-content\/uploads\/2016\/05\/C\u00e1tedra-Mujeres-Gar\u00edfunas-y-Afrodescendientes-Marco-Acad\u00e9mico.jpg 1700w\" sizes=\"(max-width: 193px) 100vw, 193px\" \/>educaci\u00f3n superior p\u00fablica con las visiones de las y los gar\u00edfunas y afrodescendientes.<\/li>\n<li>Integrar las cosmovisiones, conocimientos, pr\u00e1cticas y saberes de las mujeres gar\u00edfunas y afrodescendientes en las investigaciones educativas.<\/li>\n<li>Fomentar el debate y el an\u00e1lisis de las exclusiones, la discriminaci\u00f3n y el racismo en el acceso de las mujeres gar\u00edfunas y afrodescendientes a la educaci\u00f3n superior p\u00fablica.<\/li>\n<li>Potenciar la participaci\u00f3n de las mujeres gar\u00edfunas y afrodescendientes en espacios de toma de decisiones.<\/li>\n<\/ul>\n<p>Aprobada por Acuerdo de Rector\u00eda No.1565-2014, en el marco de los Decenios de las Personas Afrodescendientes 2015-2024.<\/p>\n<p>Espacio impulsado por IUMUSAC, diferentes dependencias USAC, Unidad de G\u00e9nero y Multiculturalidad del Ministerio de Recursos Naturales y Ambiente y por la Agrupaci\u00f3n de Mujeres Gar\u00edfunas y Afrodescendientes.<\/p>\n<p>\u00a0<\/p>\n<figure id=\"attachment_320\" aria-describedby=\"caption-attachment-320\" style=\"width: 276px\" class=\"wp-caption alignleft\"><img loading=\"lazy\" decoding=\"async\" class=\"wp-image-320 \" src=\"http:\/\/c2.usac.edu.gt\/iumusac\/public_html\/wp-content\/uploads\/2016\/05\/foto-c\u00e1tedra-mujer-300x225.jpg\" alt=\"foto c\u00e1tedra mujer\" width=\"276\" height=\"207\" srcset=\"https:\/\/iumusac.usac.edu.gt\/wp-content\/uploads\/2016\/05\/foto-c\u00e1tedra-mujer-300x225.jpg 300w, https:\/\/iumusac.usac.edu.gt\/wp-content\/uploads\/2016\/05\/foto-c\u00e1tedra-mujer-624x468.jpg 624w, https:\/\/iumusac.usac.edu.gt\/wp-content\/uploads\/2016\/05\/foto-c\u00e1tedra-mujer-240x180.jpg 240w, https:\/\/iumusac.usac.edu.gt\/wp-content\/uploads\/2016\/05\/foto-c\u00e1tedra-mujer.jpg 640w\" sizes=\"(max-width: 276px) 100vw, 276px\" \/><figcaption id=\"caption-attachment-320\" class=\"wp-caption-text\">Comisi\u00f3n responsable de marco acad\u00e9mico C\u00e1tedra Mujeres Gar\u00edfunas y Afrodescendientes. UVIGER 2015<\/figcaption><\/figure>\n<figure id=\"attachment_369\" aria-describedby=\"caption-attachment-369\" style=\"width: 284px\" class=\"wp-caption alignright\"><img loading=\"lazy\" decoding=\"async\" class=\"wp-image-369 \" src=\"http:\/\/c2.usac.edu.gt\/iumusac\/public_html\/wp-content\/uploads\/2016\/05\/DSC03617-300x225.jpg\" alt=\"DSC03617\" width=\"284\" height=\"213\" srcset=\"https:\/\/iumusac.usac.edu.gt\/wp-content\/uploads\/2016\/05\/DSC03617-300x225.jpg 300w, https:\/\/iumusac.usac.edu.gt\/wp-content\/uploads\/2016\/05\/DSC03617-768x576.jpg 768w, https:\/\/iumusac.usac.edu.gt\/wp-content\/uploads\/2016\/05\/DSC03617-1024x768.jpg 1024w, https:\/\/iumusac.usac.edu.gt\/wp-content\/uploads\/2016\/05\/DSC03617-624x468.jpg 624w, https:\/\/iumusac.usac.edu.gt\/wp-content\/uploads\/2016\/05\/DSC03617-240x180.jpg 240w\" sizes=\"(max-width: 284px) 100vw, 284px\" \/><figcaption id=\"caption-attachment-369\" class=\"wp-caption-text\">Di\u00e1logos de Intercambios Afrodescendientes Guatemala, M\u00e9xico y Brasil. Biblioteca USAC 2015<\/figcaption><\/figure>\n<p>\u00a0<\/p>\n<p>\u00a0<\/p>\n<p>\u00a0<\/p>\n<p>\u00a0<\/p>\n\n\n<p><\/p>\n\n\n\n<p><\/p>\n\n\n\n<p><\/p>\n\n\n\n<p><strong>A\u00d1O  2020. ACTIVIDADES IUMUSAC <\/strong> <\/p>\n\n\n\n<p><\/p>\n\n\n\n<figure class=\"wp-block-image size-large\"><img loading=\"lazy\" decoding=\"async\" width=\"1024\" height=\"948\" src=\"https:\/\/iumusac.usac.edu.gt\/wp-content\/uploads\/2022\/07\/Afiches-01-Final-25072020-Catedra-GA-IUMUSAC-2-1024x948.jpg\" alt=\"\" class=\"wp-image-1199\" srcset=\"https:\/\/iumusac.usac.edu.gt\/wp-content\/uploads\/2022\/07\/Afiches-01-Final-25072020-Catedra-GA-IUMUSAC-2-1024x948.jpg 1024w, https:\/\/iumusac.usac.edu.gt\/wp-content\/uploads\/2022\/07\/Afiches-01-Final-25072020-Catedra-GA-IUMUSAC-2-300x278.jpg 300w, https:\/\/iumusac.usac.edu.gt\/wp-content\/uploads\/2022\/07\/Afiches-01-Final-25072020-Catedra-GA-IUMUSAC-2-768x711.jpg 768w, https:\/\/iumusac.usac.edu.gt\/wp-content\/uploads\/2022\/07\/Afiches-01-Final-25072020-Catedra-GA-IUMUSAC-2-1536x1422.jpg 1536w, https:\/\/iumusac.usac.edu.gt\/wp-content\/uploads\/2022\/07\/Afiches-01-Final-25072020-Catedra-GA-IUMUSAC-2-270x250.jpg 270w, https:\/\/iumusac.usac.edu.gt\/wp-content\/uploads\/2022\/07\/Afiches-01-Final-25072020-Catedra-GA-IUMUSAC-2.jpg 2025w\" sizes=\"(max-width: 1024px) 100vw, 1024px\" \/><\/figure>\n\n\n","protected":false},"excerpt":{"rendered":"<p>Objetivos Enriquecer la filosof\u00eda y curr\u00edcula de la educaci\u00f3n superior p\u00fablica con las visiones de las y los gar\u00edfunas y afrodescendientes. Integrar las cosmovisiones, conocimientos, pr\u00e1cticas y saberes de las mujeres gar\u00edfunas y afrodescendientes en las investigaciones educativas. Fomentar el debate y el an\u00e1lisis de las exclusiones, la discriminaci\u00f3n y el racismo en el acceso [&hellip;]<\/p>\n","protected":false},"author":1,"featured_media":0,"parent":314,"menu_order":0,"comment_status":"closed","ping_status":"closed","template":"","meta":{"footnotes":""},"class_list":["post-158","page","type-page","status-publish","czr-hentry"],"_links":{"self":[{"href":"https:\/\/iumusac.usac.edu.gt\/index.php?rest_route=\/wp\/v2\/pages\/158"}],"collection":[{"href":"https:\/\/iumusac.usac.edu.gt\/index.php?rest_route=\/wp\/v2\/pages"}],"about":[{"href":"https:\/\/iumusac.usac.edu.gt\/index.php?rest_route=\/wp\/v2\/types\/page"}],"author":[{"embeddable":true,"href":"https:\/\/iumusac.usac.edu.gt\/index.php?rest_route=\/wp\/v2\/users\/1"}],"replies":[{"embeddable":true,"href":"https:\/\/iumusac.usac.edu.gt\/index.php?rest_route=%2Fwp%2Fv2%2Fcomments&post=158"}],"version-history":[{"count":7,"href":"https:\/\/iumusac.usac.edu.gt\/index.php?rest_route=\/wp\/v2\/pages\/158\/revisions"}],"predecessor-version":[{"id":1200,"href":"https:\/\/iumusac.usac.edu.gt\/index.php?rest_route=\/wp\/v2\/pages\/158\/revisions\/1200"}],"up":[{"embeddable":true,"href":"https:\/\/iumusac.usac.edu.gt\/index.php?rest_route=\/wp\/v2\/pages\/314"}],"wp:attachment":[{"href":"https:\/\/iumusac.usac.edu.gt\/index.php?rest_route=%2Fwp%2Fv2%2Fmedia&parent=158"}],"curies":[{"name":"wp","href":"https:\/\/api.w.org\/{rel}","templated":true}]}}