{"id":1558,"date":"2024-10-29T20:35:48","date_gmt":"2024-10-30T02:35:48","guid":{"rendered":"https:\/\/iumusac.usac.edu.gt\/?page_id=1558"},"modified":"2024-10-29T20:35:49","modified_gmt":"2024-10-30T02:35:49","slug":"diplomacia-academica-tecnologica-y-de-innovacion","status":"publish","type":"page","link":"https:\/\/iumusac.usac.edu.gt\/?page_id=1558","title":{"rendered":"Diplomacia acad\u00e9mica, tecnol\u00f3gica y de innovaci\u00f3n."},"content":{"rendered":"\n<h2 class=\"wp-block-heading\">Representaciones dentro y fuera de la USAC<\/h2>\n\n\n\n<p><\/p>\n","protected":false},"excerpt":{"rendered":"<p>Representaciones dentro y fuera de la USAC<\/p>\n","protected":false},"author":8,"featured_media":0,"parent":0,"menu_order":0,"comment_status":"closed","ping_status":"closed","template":"","meta":{"footnotes":""},"class_list":["post-1558","page","type-page","status-publish","czr-hentry"],"_links":{"self":[{"href":"https:\/\/iumusac.usac.edu.gt\/index.php?rest_route=\/wp\/v2\/pages\/1558"}],"collection":[{"href":"https:\/\/iumusac.usac.edu.gt\/index.php?rest_route=\/wp\/v2\/pages"}],"about":[{"href":"https:\/\/iumusac.usac.edu.gt\/index.php?rest_route=\/wp\/v2\/types\/page"}],"author":[{"embeddable":true,"href":"https:\/\/iumusac.usac.edu.gt\/index.php?rest_route=\/wp\/v2\/users\/8"}],"replies":[{"embeddable":true,"href":"https:\/\/iumusac.usac.edu.gt\/index.php?rest_route=%2Fwp%2Fv2%2Fcomments&post=1558"}],"version-history":[{"count":1,"href":"https:\/\/iumusac.usac.edu.gt\/index.php?rest_route=\/wp\/v2\/pages\/1558\/revisions"}],"predecessor-version":[{"id":1559,"href":"https:\/\/iumusac.usac.edu.gt\/index.php?rest_route=\/wp\/v2\/pages\/1558\/revisions\/1559"}],"wp:attachment":[{"href":"https:\/\/iumusac.usac.edu.gt\/index.php?rest_route=%2Fwp%2Fv2%2Fmedia&parent=1558"}],"curies":[{"name":"wp","href":"https:\/\/api.w.org\/{rel}","templated":true}]}}