{"id":1377,"date":"2024-09-02T14:12:37","date_gmt":"2024-09-02T20:12:37","guid":{"rendered":"https:\/\/iumusac.usac.edu.gt\/?page_id=1377"},"modified":"2024-09-02T14:12:38","modified_gmt":"2024-09-02T20:12:38","slug":"programa-catedra-de-la-mujer","status":"publish","type":"page","link":"https:\/\/iumusac.usac.edu.gt\/?page_id=1377","title":{"rendered":"Programa C\u00e1tedra de la mujer"},"content":{"rendered":"\n<p>Es un espacio de conocimiento y discusi\u00f3n acad\u00e9mica para el estudio de la realidad de la situaci\u00f3n y posici\u00f3n de las mujeres, para proponer aportes para la construcci\u00f3n de sociedades transformadoras de la opresi\u00f3n de g\u00e9nero.<\/p>\n\n\n\n<p class=\"has-large-font-size\">L\u00edneas de acci\u00f3n<\/p>\n\n\n\n<p class=\"has-medium-font-size\"><strong>Formaci\u00f3n docente<\/strong><\/p>\n\n\n\n<p>Comprende la creaci\u00f3n de un sistema curricular de formaci\u00f3n en perspectiva de g\u00e9nero, para recursos humanos de reciente ingreso a la carrera docente universitaria y actualizaci\u00f3n para docentes en servicio para ser desarrollado en coordinaci\u00f3n con la Direcci\u00f3n General de Docencia -DDA- e instancias afines.<\/p>\n\n\n\n<p class=\"has-medium-font-size\"><strong>Estudios de Post Grado<\/strong><\/p>\n\n\n\n<p>Formulaci\u00f3n de estudios de g\u00e9nero a nivel de Post Grado, formulados en base a diagnosticos, que respondan a necesidades de aprendizaje en campos espec\u00edficos del conocimiento para promover la investigaci\u00f3n y desarrollo de las mujeres y la equidad de genero. Funcionando de manera institucionalizada dentro del Sistema de Estudios de Post Grado de la Universidad de San Carlos.<\/p>\n","protected":false},"excerpt":{"rendered":"<p>Es un espacio de conocimiento y discusi\u00f3n acad\u00e9mica para el estudio de la realidad de la situaci\u00f3n y posici\u00f3n de las mujeres, para proponer aportes para la construcci\u00f3n de sociedades transformadoras de la opresi\u00f3n de g\u00e9nero. L\u00edneas de acci\u00f3n Formaci\u00f3n docente Comprende la creaci\u00f3n de un sistema curricular de formaci\u00f3n en perspectiva de g\u00e9nero, para [&hellip;]<\/p>\n","protected":false},"author":8,"featured_media":0,"parent":0,"menu_order":0,"comment_status":"closed","ping_status":"closed","template":"","meta":{"footnotes":""},"class_list":["post-1377","page","type-page","status-publish","czr-hentry"],"_links":{"self":[{"href":"https:\/\/iumusac.usac.edu.gt\/index.php?rest_route=\/wp\/v2\/pages\/1377"}],"collection":[{"href":"https:\/\/iumusac.usac.edu.gt\/index.php?rest_route=\/wp\/v2\/pages"}],"about":[{"href":"https:\/\/iumusac.usac.edu.gt\/index.php?rest_route=\/wp\/v2\/types\/page"}],"author":[{"embeddable":true,"href":"https:\/\/iumusac.usac.edu.gt\/index.php?rest_route=\/wp\/v2\/users\/8"}],"replies":[{"embeddable":true,"href":"https:\/\/iumusac.usac.edu.gt\/index.php?rest_route=%2Fwp%2Fv2%2Fcomments&post=1377"}],"version-history":[{"count":1,"href":"https:\/\/iumusac.usac.edu.gt\/index.php?rest_route=\/wp\/v2\/pages\/1377\/revisions"}],"predecessor-version":[{"id":1378,"href":"https:\/\/iumusac.usac.edu.gt\/index.php?rest_route=\/wp\/v2\/pages\/1377\/revisions\/1378"}],"wp:attachment":[{"href":"https:\/\/iumusac.usac.edu.gt\/index.php?rest_route=%2Fwp%2Fv2%2Fmedia&parent=1377"}],"curies":[{"name":"wp","href":"https:\/\/api.w.org\/{rel}","templated":true}]}}