{"id":1370,"date":"2024-08-23T11:27:39","date_gmt":"2024-08-23T17:27:39","guid":{"rendered":"https:\/\/iumusac.usac.edu.gt\/?page_id=1370"},"modified":"2024-08-23T11:30:10","modified_gmt":"2024-08-23T17:30:10","slug":"prograna-de-formacion-especializada","status":"publish","type":"page","link":"https:\/\/iumusac.usac.edu.gt\/?page_id=1370","title":{"rendered":"Programa de Formaci\u00f3n Especializada"},"content":{"rendered":"\n<p>Promueve los estudios de la mujer, las mujeres, g\u00e9nero y feminismo para docentes, investigadoras\/es, profesionales y estudiantes de la USAC, en un proceso de formaci\u00f3n continua, que a partir del conocimiento especializado y multidisciplinario, genera e innova la ciencia a trav\u00e9s de la formaci\u00f3n, la capacitaci\u00f3n y la especializaci\u00f3n.<\/p>\n\n\n\n<p class=\"has-large-font-size\"><strong>L\u00edneas de Acci\u00f3n<\/strong><\/p>\n\n\n\n<p class=\"has-medium-font-size\"><strong>Cursos de Actualizaci\u00f3n<\/strong><\/p>\n\n\n\n<p> Se realizan con el prop\u00f3sito de fortalecer y renovar los conocimientos de las y los profesionales y estudiantes, no tienen grado acad\u00e9mico, y se extiende una certificaci\u00f3n de aprobado o un diploma de participaci\u00f3n.<\/p>\n\n\n\n<p class=\"has-medium-font-size\"><strong>Especializaci\u00f3n<\/strong><\/p>\n\n\n\n<p> Se realizan con el prop\u00f3sito de proporcionar al profesional, una formaci\u00f3n m\u00e1s profunda sobre el \u00e1rea espec\u00edfica de la carrera. Se extiende un diploma que no constituye grado acad\u00e9mico del IUMUSAC.<\/p>\n\n\n\n<p class=\"has-medium-font-size\"><strong>Post Grado<\/strong><\/p>\n\n\n\n<p>Estudios que van dirigidos preferentemente a profesoras\/es titulares y otros profesionales de la universidad, y comprende especialidades, maestr\u00edas, doctorados y posdoctorados. Los Estudios del Nivel III se rigen por el Sistema de Estudios de Postgrado de la Universidad de San Carlos de Guatemala (SEP).<\/p>\n","protected":false},"excerpt":{"rendered":"<p>Promueve los estudios de la mujer, las mujeres, g\u00e9nero y feminismo para docentes, investigadoras\/es, profesionales y estudiantes de la USAC, en un proceso de formaci\u00f3n continua, que a partir del conocimiento especializado y multidisciplinario, genera e innova la ciencia a trav\u00e9s de la formaci\u00f3n, la capacitaci\u00f3n y la especializaci\u00f3n. L\u00edneas de Acci\u00f3n Cursos de Actualizaci\u00f3n [&hellip;]<\/p>\n","protected":false},"author":8,"featured_media":0,"parent":0,"menu_order":0,"comment_status":"closed","ping_status":"closed","template":"","meta":{"footnotes":""},"class_list":["post-1370","page","type-page","status-publish","czr-hentry"],"_links":{"self":[{"href":"https:\/\/iumusac.usac.edu.gt\/index.php?rest_route=\/wp\/v2\/pages\/1370"}],"collection":[{"href":"https:\/\/iumusac.usac.edu.gt\/index.php?rest_route=\/wp\/v2\/pages"}],"about":[{"href":"https:\/\/iumusac.usac.edu.gt\/index.php?rest_route=\/wp\/v2\/types\/page"}],"author":[{"embeddable":true,"href":"https:\/\/iumusac.usac.edu.gt\/index.php?rest_route=\/wp\/v2\/users\/8"}],"replies":[{"embeddable":true,"href":"https:\/\/iumusac.usac.edu.gt\/index.php?rest_route=%2Fwp%2Fv2%2Fcomments&post=1370"}],"version-history":[{"count":2,"href":"https:\/\/iumusac.usac.edu.gt\/index.php?rest_route=\/wp\/v2\/pages\/1370\/revisions"}],"predecessor-version":[{"id":1373,"href":"https:\/\/iumusac.usac.edu.gt\/index.php?rest_route=\/wp\/v2\/pages\/1370\/revisions\/1373"}],"wp:attachment":[{"href":"https:\/\/iumusac.usac.edu.gt\/index.php?rest_route=%2Fwp%2Fv2%2Fmedia&parent=1370"}],"curies":[{"name":"wp","href":"https:\/\/api.w.org\/{rel}","templated":true}]}}