{"id":1344,"date":"2023-07-06T09:07:09","date_gmt":"2023-07-06T15:07:09","guid":{"rendered":"https:\/\/iumusac.usac.edu.gt\/?page_id=1344"},"modified":"2024-11-07T21:40:20","modified_gmt":"2024-11-08T03:40:20","slug":"programa-de-comunicacion","status":"publish","type":"page","link":"https:\/\/iumusac.usac.edu.gt\/?page_id=1344","title":{"rendered":"Programa de Comunicaci\u00f3n"},"content":{"rendered":"\n<p>Comprende un conjunto de acciones, tendientes a desarrollar canales de di\u00e1logo fluido y permanente entre el IUMUSAC y sus interlocutores a todo nivel; as\u00ed como acciones para visibilizar su proyecci\u00f3n y las mujeres universitarias.<\/p>\n\n\n\n<p class=\"has-large-font-size\"><strong>L\u00edneas de acci\u00f3n<\/strong><\/p>\n\n\n\n<p class=\"has-medium-font-size\"><strong>Comunicaci\u00f3n Institucional.<\/strong><\/p>\n\n\n\n<p>Se basa en una estrategia de comunicaci\u00f3n, creaci\u00f3n y fortalecimiento de espacios, acciones y mecanismos para garantizar un flujo informativo \u00e1gil y sistem\u00e1tico entre los distintos niveles organizativos del IUMUSAC para la toma de decisiones y la acci\u00f3n. Adem\u00e1s, la creaci\u00f3n de un sistema rector de informaci\u00f3n desagregada por sexo (con variables reflejo de sus diversas identidades), generada por las unidades acad\u00e9micas como insumos para monitorear y medir la realidad de las mujeres en la universidad, as\u00ed como el eje de g\u00e9nero contemplado en el Plan Estrat\u00e9gico USAC 2022.<\/p>\n\n\n\n<p class=\"has-medium-font-size\"><strong>Producci\u00f3n de programas de comunicaci\u00f3n<\/strong><\/p>\n\n\n\n<p>Creaci\u00f3n colectiva y difusi\u00f3n de un discurso articulado sobre la misi\u00f3n y visi\u00f3n del IUMUSAC y la perspectiva de g\u00e9nero a trav\u00e9s de un bolet\u00edn informativo, un programa radial, secciones impresas y\/o audiovisuales dentro de los medios de comunicaci\u00f3n propiedad de la USAC, una revista acad\u00e9mica anual y campa\u00f1as de comunicaci\u00f3n, para sensibilizar sobre los derechos de las mujeres; promover acciones concretas a favor de las mujeres en celebraciones internacionales, en situaciones circunstanciales y a favor de la equidad de g\u00e9nero.<\/p>\n\n\n\n<p class=\"has-medium-font-size\"><strong>Relacionamiento con medios de comunicaci\u00f3n<\/strong><\/p>\n\n\n\n<p>Establecimiento de relaciones con periodistas de medios de comunicaci\u00f3n social, tanto comerciales como alternativos, para ir posicionando al IUMUSAC, como fuente informativa especializada en materia de equidad de g\u00e9nero; as\u00ed como, difundir y dar cobertura al accionar y proyecci\u00f3n del IUMUSAC. Formaci\u00f3n en periodismo incluyente, para el personal de los medios de comunicaci\u00f3n propiedad de la USAC y un monitoreo de sus producciones para constatar el desarrollo de un periodismo no sexista.<\/p>\n\n\n\n<h2 class=\"wp-block-heading\">El Programa radial Mujeres y universidad<\/h2>\n\n\n\n<div data-wp-interactive=\"core\/file\" class=\"wp-block-file\"><object data-wp-bind--hidden=\"!state.hasPdfPreview\"  class=\"wp-block-file__embed\" data=\"https:\/\/iumusac.usac.edu.gt\/wp-content\/uploads\/2024\/10\/El-programa-radial-Mujeres-y-universidad.pdf\" type=\"application\/pdf\" style=\"width:100%;height:600px\" aria-label=\"Incrustado de El programa radial Mujeres y universidad..\"><\/object><a id=\"wp-block-file--media-8e65a075-5334-4a2c-a318-8b32cbb99ca0\" href=\"https:\/\/iumusac.usac.edu.gt\/wp-content\/uploads\/2024\/10\/El-programa-radial-Mujeres-y-universidad.pdf\">El programa radial Mujeres y universidad.<\/a><a href=\"https:\/\/iumusac.usac.edu.gt\/wp-content\/uploads\/2024\/10\/El-programa-radial-Mujeres-y-universidad.pdf\" class=\"wp-block-file__button wp-element-button\" download aria-describedby=\"wp-block-file--media-8e65a075-5334-4a2c-a318-8b32cbb99ca0\">Descarga<\/a><\/div>\n\n\n\n<ul class=\"wp-block-list\">\n<li><a href=\"https:\/\/www.facebook.com\/share\/v\/12EFDGVxKQ1\/\">Programa, martes 3 de septiembre<\/a><\/li>\n\n\n\n<li><a href=\"https:\/\/www.facebook.com\/share\/v\/198MyDpBLz\/\">Programa, martes 10 de septiembre<\/a><\/li>\n\n\n\n<li><a href=\"https:\/\/www.facebook.com\/share\/v\/14VJexwARV\/?mibextid=xfxF2i\">Programa, martes 24 de septiembre<\/a><\/li>\n\n\n\n<li><a href=\"https:\/\/www.facebook.com\/share\/v\/15R15qfyPP\/\">Programa, martes 15 de octubre<\/a><\/li>\n\n\n\n<li><a href=\"https:\/\/www.facebook.com\/share\/v\/12AvAyatDDB\/\" data-type=\"link\" data-id=\"https:\/\/www.facebook.com\/share\/v\/12AvAyatDDB\/\">Programa, martes 29 de octubre<\/a><\/li>\n<\/ul>\n\n\n\n<p><\/p>\n","protected":false},"excerpt":{"rendered":"<p>Comprende un conjunto de acciones, tendientes a desarrollar canales de di\u00e1logo fluido y permanente entre el IUMUSAC y sus interlocutores a todo nivel; as\u00ed como acciones para visibilizar su proyecci\u00f3n y las mujeres universitarias. L\u00edneas de acci\u00f3n Comunicaci\u00f3n Institucional. Se basa en una estrategia de comunicaci\u00f3n, creaci\u00f3n y fortalecimiento de espacios, acciones y mecanismos para [&hellip;]<\/p>\n","protected":false},"author":1,"featured_media":0,"parent":750,"menu_order":0,"comment_status":"closed","ping_status":"closed","template":"","meta":{"footnotes":""},"class_list":["post-1344","page","type-page","status-publish","czr-hentry"],"_links":{"self":[{"href":"https:\/\/iumusac.usac.edu.gt\/index.php?rest_route=\/wp\/v2\/pages\/1344"}],"collection":[{"href":"https:\/\/iumusac.usac.edu.gt\/index.php?rest_route=\/wp\/v2\/pages"}],"about":[{"href":"https:\/\/iumusac.usac.edu.gt\/index.php?rest_route=\/wp\/v2\/types\/page"}],"author":[{"embeddable":true,"href":"https:\/\/iumusac.usac.edu.gt\/index.php?rest_route=\/wp\/v2\/users\/1"}],"replies":[{"embeddable":true,"href":"https:\/\/iumusac.usac.edu.gt\/index.php?rest_route=%2Fwp%2Fv2%2Fcomments&post=1344"}],"version-history":[{"count":6,"href":"https:\/\/iumusac.usac.edu.gt\/index.php?rest_route=\/wp\/v2\/pages\/1344\/revisions"}],"predecessor-version":[{"id":1570,"href":"https:\/\/iumusac.usac.edu.gt\/index.php?rest_route=\/wp\/v2\/pages\/1344\/revisions\/1570"}],"up":[{"embeddable":true,"href":"https:\/\/iumusac.usac.edu.gt\/index.php?rest_route=\/wp\/v2\/pages\/750"}],"wp:attachment":[{"href":"https:\/\/iumusac.usac.edu.gt\/index.php?rest_route=%2Fwp%2Fv2%2Fmedia&parent=1344"}],"curies":[{"name":"wp","href":"https:\/\/api.w.org\/{rel}","templated":true}]}}