{"id":1296,"date":"2024-08-22T12:09:48","date_gmt":"2024-08-22T18:09:48","guid":{"rendered":"https:\/\/iumusac.usac.edu.gt\/?page_id=1296"},"modified":"2024-08-22T12:09:49","modified_gmt":"2024-08-22T18:09:49","slug":"vision","status":"publish","type":"page","link":"https:\/\/iumusac.usac.edu.gt\/?page_id=1296","title":{"rendered":"Visi\u00f3n"},"content":{"rendered":"\n<p>Somos el Instituto Universitario de la Mujer de la Universidad de San Carlos de Guatemala (IUMUSAC), l\u00edder de las pol\u00edticas y acciones a favor del desarrollo integral de las mujeres y de la promoci\u00f3n de la equidad de g\u00e9nero en la educaci\u00f3n superior, a trav\u00e9s de la Pol\u00edtica y Plan de Equidad de G\u00e9nero 2006 \u2013 2014, que operativiza el enfoque de g\u00e9nero y el eje transversal de g\u00e9nero, aprobado por el Consejo Superior Universitario en el Plan Estrat\u00e9gico Usac-2022 y como lo establecen los compromisos nacionales e internacionales.<\/p>\n","protected":false},"excerpt":{"rendered":"<p>Somos el Instituto Universitario de la Mujer de la Universidad de San Carlos de Guatemala (IUMUSAC), l\u00edder de las pol\u00edticas y acciones a favor del desarrollo integral de las mujeres y de la promoci\u00f3n de la equidad de g\u00e9nero en la educaci\u00f3n superior, a trav\u00e9s de la Pol\u00edtica y Plan de Equidad de G\u00e9nero 2006 [&hellip;]<\/p>\n","protected":false},"author":1,"featured_media":0,"parent":0,"menu_order":0,"comment_status":"closed","ping_status":"closed","template":"","meta":{"footnotes":""},"class_list":["post-1296","page","type-page","status-publish","czr-hentry"],"_links":{"self":[{"href":"https:\/\/iumusac.usac.edu.gt\/index.php?rest_route=\/wp\/v2\/pages\/1296"}],"collection":[{"href":"https:\/\/iumusac.usac.edu.gt\/index.php?rest_route=\/wp\/v2\/pages"}],"about":[{"href":"https:\/\/iumusac.usac.edu.gt\/index.php?rest_route=\/wp\/v2\/types\/page"}],"author":[{"embeddable":true,"href":"https:\/\/iumusac.usac.edu.gt\/index.php?rest_route=\/wp\/v2\/users\/1"}],"replies":[{"embeddable":true,"href":"https:\/\/iumusac.usac.edu.gt\/index.php?rest_route=%2Fwp%2Fv2%2Fcomments&post=1296"}],"version-history":[{"count":1,"href":"https:\/\/iumusac.usac.edu.gt\/index.php?rest_route=\/wp\/v2\/pages\/1296\/revisions"}],"predecessor-version":[{"id":1366,"href":"https:\/\/iumusac.usac.edu.gt\/index.php?rest_route=\/wp\/v2\/pages\/1296\/revisions\/1366"}],"wp:attachment":[{"href":"https:\/\/iumusac.usac.edu.gt\/index.php?rest_route=%2Fwp%2Fv2%2Fmedia&parent=1296"}],"curies":[{"name":"wp","href":"https:\/\/api.w.org\/{rel}","templated":true}]}}