{"id":1295,"date":"2024-08-22T11:57:54","date_gmt":"2024-08-22T17:57:54","guid":{"rendered":"https:\/\/iumusac.usac.edu.gt\/?page_id=1295"},"modified":"2024-10-14T18:46:20","modified_gmt":"2024-10-15T00:46:20","slug":"mision","status":"publish","type":"page","link":"https:\/\/iumusac.usac.edu.gt\/?page_id=1295","title":{"rendered":"Misi\u00f3n"},"content":{"rendered":"\n<p>El Instituto Universitario de la Mujer de la Universidad de San Carlos de Guatemala, es el ente rector de las pol\u00edticas a favor de las mujeres y la equidad de g\u00e9nero en la educaci\u00f3n superior.<\/p>\n\n\n\n<p>Es responsable de asesorar, dirigir, promover, coordinar, articular y ejecutar programas y proyectos de investigaci\u00f3n, docencia y extensi\u00f3n. Con efectividad promueve el desarrollo de programas de formaci\u00f3n con enfoque de g\u00e9nero, efect\u00faa investigaciones y estudios de la mujer, las mujeres, g\u00e9nero y feminismos.<\/p>\n\n\n\n<p>Promueve valores, actitudes y pr\u00e1cticas que conlleven a la comunidad universitaria y a la sociedad guatemalteca, a visibilizar y valorar los aportes de las mujeres a la academia y la humanidad.<\/p>\n","protected":false},"excerpt":{"rendered":"<p>El Instituto Universitario de la Mujer de la Universidad de San Carlos de Guatemala, es el ente rector de las pol\u00edticas a favor de las mujeres y la equidad de g\u00e9nero en la educaci\u00f3n superior. Es responsable de asesorar, dirigir, promover, coordinar, articular y ejecutar programas y proyectos de investigaci\u00f3n, docencia y extensi\u00f3n. Con efectividad [&hellip;]<\/p>\n","protected":false},"author":1,"featured_media":0,"parent":0,"menu_order":0,"comment_status":"closed","ping_status":"closed","template":"","meta":{"footnotes":""},"class_list":["post-1295","page","type-page","status-publish","czr-hentry"],"_links":{"self":[{"href":"https:\/\/iumusac.usac.edu.gt\/index.php?rest_route=\/wp\/v2\/pages\/1295"}],"collection":[{"href":"https:\/\/iumusac.usac.edu.gt\/index.php?rest_route=\/wp\/v2\/pages"}],"about":[{"href":"https:\/\/iumusac.usac.edu.gt\/index.php?rest_route=\/wp\/v2\/types\/page"}],"author":[{"embeddable":true,"href":"https:\/\/iumusac.usac.edu.gt\/index.php?rest_route=\/wp\/v2\/users\/1"}],"replies":[{"embeddable":true,"href":"https:\/\/iumusac.usac.edu.gt\/index.php?rest_route=%2Fwp%2Fv2%2Fcomments&post=1295"}],"version-history":[{"count":1,"href":"https:\/\/iumusac.usac.edu.gt\/index.php?rest_route=\/wp\/v2\/pages\/1295\/revisions"}],"predecessor-version":[{"id":1364,"href":"https:\/\/iumusac.usac.edu.gt\/index.php?rest_route=\/wp\/v2\/pages\/1295\/revisions\/1364"}],"wp:attachment":[{"href":"https:\/\/iumusac.usac.edu.gt\/index.php?rest_route=%2Fwp%2Fv2%2Fmedia&parent=1295"}],"curies":[{"name":"wp","href":"https:\/\/api.w.org\/{rel}","templated":true}]}}